{"id":14,"date":"2023-01-30T09:50:15","date_gmt":"2023-01-30T09:50:15","guid":{"rendered":"https:\/\/szkarabeusz.code4flow.com\/fiokom\/"},"modified":"2024-06-18T09:31:06","modified_gmt":"2024-06-18T07:31:06","slug":"fiokom","status":"publish","type":"page","link":"https:\/\/szkarabeusz.code4flow.com\/de\/fiokom\/","title":{"rendered":"Fi\u00f3kom"},"content":{"rendered":"<div data-elementor-type=\"wp-page\" data-elementor-id=\"14\" class=\"elementor elementor-14\" data-elementor-post-type=\"page\">\n\t\t\t\t\t\t\t\t\t<section data-particle_enable=\"false\" data-particle-mobile-disabled=\"false\" class=\"elementor-section elementor-top-section elementor-element elementor-element-5a420882 elementor-section-boxed elementor-section-height-default elementor-section-height-default\" data-id=\"5a420882\" data-element_type=\"section\">\n\t\t\t\t\t\t<div class=\"elementor-container elementor-column-gap-default\">\n\t\t\t\t\t<div class=\"elementor-column elementor-col-100 elementor-top-column elementor-element elementor-element-4eceedc5\" data-id=\"4eceedc5\" data-element_type=\"column\">\n\t\t\t<div class=\"elementor-widget-wrap elementor-element-populated\">\n\t\t\t\t\t\t\t\t<div class=\"elementor-element elementor-element-24a2c692 elementor-widget elementor-widget-text-editor\" data-id=\"24a2c692\" data-element_type=\"widget\" data-widget_type=\"text-editor.default\">\n\t\t\t\t<div class=\"elementor-widget-container\">\n\t\t\t<style>\/*! elementor - v3.16.0 - 17-10-2023 *\/\n.elementor-widget-text-editor.elementor-drop-cap-view-stacked .elementor-drop-cap{background-color:#69727d;color:#fff}.elementor-widget-text-editor.elementor-drop-cap-view-framed .elementor-drop-cap{color:#69727d;border:3px solid;background-color:transparent}.elementor-widget-text-editor:not(.elementor-drop-cap-view-default) .elementor-drop-cap{margin-top:8px}.elementor-widget-text-editor:not(.elementor-drop-cap-view-default) .elementor-drop-cap-letter{width:1em;height:1em}.elementor-widget-text-editor .elementor-drop-cap{float:left;text-align:center;line-height:1;font-size:50px}.elementor-widget-text-editor .elementor-drop-cap-letter{display:inline-block}<\/style>\t\t\t\t<!-- wp:shortcode --><div class=\"woocommerce\"><\/div><!-- \/wp:shortcode -->\t\t\t\t\t\t<\/div>\n\t\t\t\t<\/div>\n\t\t\t\t<div class=\"elementor-element elementor-element-fa8ff8c elementor-widget elementor-widget-text-editor\" data-id=\"fa8ff8c\" data-element_type=\"widget\" data-widget_type=\"text-editor.default\">\n\t\t\t\t<div class=\"elementor-widget-container\">\n\t\t\t\t\t\t\t<p><span style=\"color: #ff0000;\">A csillaggal jel\u00f6lt mez\u0151 kit\u00f6lt\u00e9se k\u00f6telez\u0151.<\/span><\/p>\t\t\t\t\t\t<\/div>\n\t\t\t\t<\/div>\n\t\t\t\t<div class=\"elementor-element elementor-element-70c234d elementor-widget elementor-widget-html\" data-id=\"70c234d\" data-element_type=\"widget\" data-widget_type=\"html.default\">\n\t\t\t\t<div class=\"elementor-widget-container\">\n\t\t\t<button id=\"maganszemely\" style=\"display:none;\">Open Popup<\/button>\t\t<\/div>\n\t\t\t\t<\/div>\n\t\t\t\t\t<\/div>\n\t\t<\/div>\n\t\t\t\t\t\t\t<\/div>\n\t\t<\/section>\n\t\t\t\t\t\t\t<\/div>","protected":false},"excerpt":{"rendered":"<p>A csillaggal jel\u00f6lt mez\u0151 kit\u00f6lt\u00e9se k\u00f6telez\u0151. Open Popup<\/p>","protected":false},"author":1,"featured_media":0,"parent":0,"menu_order":0,"comment_status":"closed","ping_status":"closed","template":"","meta":{"_acf_changed":false,"footnotes":""},"class_list":["post-14","page","type-page","status-publish","hentry"],"acf":[],"post-meta":{"_edit_lock":["1718696084:1"],"_elementor_edit_mode":["builder"],"_elementor_template_type":["wp-page"],"_elementor_version":["3.16.6"],"_elementor_pro_version":["3.16.2"],"_wp_page_template":["default"],"_elementor_page_settings":["a:1:{s:18:\"eael_ext_toc_title\";s:17:\"Table of Contents\";}"],"_elementor_data":["[{\"id\":\"5a420882\",\"elType\":\"section\",\"settings\":{\"eael_parallax_layers_list\":[],\"eael_cl_logics\":[{\"_id\":\"a3cd4b4\"}]},\"elements\":[{\"id\":\"4eceedc5\",\"elType\":\"column\",\"settings\":{\"_column_size\":100,\"eael_cl_logics\":[{\"_id\":\"2453f56\"}]},\"elements\":[{\"id\":\"24a2c692\",\"elType\":\"widget\",\"settings\":{\"editor\":\"<!-- wp:shortcode -->[woocommerce_my_account]<!-- \\\/wp:shortcode -->\",\"eael_tooltip_section_content\":\"I am a tooltip\",\"eael_ext_content_protection_password_placeholder\":\"Enter Password\",\"eael_ext_content_protection_password_submit_btn_txt\":\"Submit\",\"eael_ext_content_protection_password_incorrect_message\":\"Password does not match.\",\"eael_cl_logics\":[{\"_id\":\"23a4a00\"}]},\"elements\":[],\"widgetType\":\"text-editor\"},{\"id\":\"fa8ff8c\",\"elType\":\"widget\",\"settings\":{\"editor\":\"<p><span style=\\\"color: #ff0000;\\\">A csillaggal jel\\u00f6lt mez\\u0151 kit\\u00f6lt\\u00e9se k\\u00f6telez\\u0151.<\\\/span><\\\/p>\",\"eael_tooltip_section_content\":\"I am a tooltip\",\"eael_ext_content_protection_password_placeholder\":\"Enter Password\",\"eael_ext_content_protection_password_submit_btn_txt\":\"Submit\",\"eael_ext_content_protection_password_incorrect_message\":\"Password does not match.\",\"eael_cl_logics\":[{\"_id\":\"1198139\"}]},\"elements\":[],\"widgetType\":\"text-editor\"},{\"id\":\"70c234d\",\"elType\":\"widget\",\"settings\":{\"html\":\"<button id=\\\"maganszemely\\\" style=\\\"display:none;\\\">Open Popup<\\\/button>\",\"eael_tooltip_section_content\":\"I am a tooltip\",\"eael_ext_content_protection_password_placeholder\":\"Enter Password\",\"eael_ext_content_protection_password_submit_btn_txt\":\"Submit\",\"eael_ext_content_protection_password_incorrect_message\":\"Password does not match.\",\"eael_cl_logics\":[{\"_id\":\"1e18787\"}]},\"elements\":[],\"widgetType\":\"html\"}],\"isInner\":false}],\"isInner\":false}]"],"_elementor_page_assets":["a:0:{}"],"_eael_custom_js":[""],"_elementor_css":["a:7:{s:4:\"time\";i:1749234737;s:5:\"fonts\";a:0:{}s:5:\"icons\";a:0:{}s:20:\"dynamic_elements_ids\";a:0:{}s:6:\"status\";s:5:\"empty\";i:0;s:0:\"\";s:3:\"css\";s:0:\"\";}"]},"_links":{"self":[{"href":"https:\/\/szkarabeusz.code4flow.com\/de\/wp-json\/wp\/v2\/pages\/14","targetHints":{"allow":["GET"]}}],"collection":[{"href":"https:\/\/szkarabeusz.code4flow.com\/de\/wp-json\/wp\/v2\/pages"}],"about":[{"href":"https:\/\/szkarabeusz.code4flow.com\/de\/wp-json\/wp\/v2\/types\/page"}],"author":[{"embeddable":true,"href":"https:\/\/szkarabeusz.code4flow.com\/de\/wp-json\/wp\/v2\/users\/1"}],"replies":[{"embeddable":true,"href":"https:\/\/szkarabeusz.code4flow.com\/de\/wp-json\/wp\/v2\/comments?post=14"}],"version-history":[{"count":12,"href":"https:\/\/szkarabeusz.code4flow.com\/de\/wp-json\/wp\/v2\/pages\/14\/revisions"}],"predecessor-version":[{"id":9159,"href":"https:\/\/szkarabeusz.code4flow.com\/de\/wp-json\/wp\/v2\/pages\/14\/revisions\/9159"}],"wp:attachment":[{"href":"https:\/\/szkarabeusz.code4flow.com\/de\/wp-json\/wp\/v2\/media?parent=14"}],"curies":[{"name":"wp","href":"https:\/\/api.w.org\/{rel}","templated":true}]}}