{"id":1487,"date":"2023-02-13T16:07:27","date_gmt":"2023-02-13T16:07:27","guid":{"rendered":"https:\/\/szkarabeusz.code4flow.com\/?page_id=1487"},"modified":"2024-06-17T13:30:08","modified_gmt":"2024-06-17T11:30:08","slug":"iskolaknak","status":"publish","type":"page","link":"https:\/\/szkarabeusz.code4flow.com\/de\/iskolaknak\/","title":{"rendered":"Iskol\u00e1knak"},"content":{"rendered":"<div data-elementor-type=\"wp-page\" data-elementor-id=\"1487\" class=\"elementor elementor-1487\" data-elementor-post-type=\"page\">\n\t\t\t\t\t\t\t\t\t<section data-particle_enable=\"false\" data-particle-mobile-disabled=\"false\" class=\"elementor-section elementor-top-section elementor-element elementor-element-e90aea3 elementor-section-boxed elementor-section-height-default elementor-section-height-default\" data-id=\"e90aea3\" data-element_type=\"section\">\n\t\t\t\t\t\t<div class=\"elementor-container elementor-column-gap-default\">\n\t\t\t\t\t<div class=\"elementor-column elementor-col-50 elementor-top-column elementor-element elementor-element-1bead39\" data-id=\"1bead39\" data-element_type=\"column\">\n\t\t\t<div class=\"elementor-widget-wrap elementor-element-populated\">\n\t\t\t\t\t\t\t\t<div class=\"elementor-element elementor-element-dad3564 elementor-widget elementor-widget-heading\" data-id=\"dad3564\" data-element_type=\"widget\" data-widget_type=\"heading.default\">\n\t\t\t\t<div class=\"elementor-widget-container\">\n\t\t\t<style>\/*! elementor - v3.16.0 - 17-10-2023 *\/\n.elementor-heading-title{padding:0;margin:0;line-height:1}.elementor-widget-heading .elementor-heading-title[class*=elementor-size-]>a{color:inherit;font-size:inherit;line-height:inherit}.elementor-widget-heading .elementor-heading-title.elementor-size-small{font-size:15px}.elementor-widget-heading .elementor-heading-title.elementor-size-medium{font-size:19px}.elementor-widget-heading .elementor-heading-title.elementor-size-large{font-size:29px}.elementor-widget-heading .elementor-heading-title.elementor-size-xl{font-size:39px}.elementor-widget-heading .elementor-heading-title.elementor-size-xxl{font-size:59px}<\/style><h1 class=\"elementor-heading-title elementor-size-default\">Iskol\u00e1knak<\/h1>\t\t<\/div>\n\t\t\t\t<\/div>\n\t\t\t\t<div class=\"elementor-element elementor-element-1835ca3 elementor-widget elementor-widget-text-editor\" data-id=\"1835ca3\" data-element_type=\"widget\" data-widget_type=\"text-editor.default\">\n\t\t\t\t<div class=\"elementor-widget-container\">\n\t\t\t<style>\/*! elementor - v3.16.0 - 17-10-2023 *\/\n.elementor-widget-text-editor.elementor-drop-cap-view-stacked .elementor-drop-cap{background-color:#69727d;color:#fff}.elementor-widget-text-editor.elementor-drop-cap-view-framed .elementor-drop-cap{color:#69727d;border:3px solid;background-color:transparent}.elementor-widget-text-editor:not(.elementor-drop-cap-view-default) .elementor-drop-cap{margin-top:8px}.elementor-widget-text-editor:not(.elementor-drop-cap-view-default) .elementor-drop-cap-letter{width:1em;height:1em}.elementor-widget-text-editor .elementor-drop-cap{float:left;text-align:center;line-height:1;font-size:50px}.elementor-widget-text-editor .elementor-drop-cap-letter{display:inline-block}<\/style>\t\t\t\t<p>Iskol\u00e1k r\u00e9sz\u00e9re t\u00e1bl\u00e1zatos megrendel\u0151lapot k\u00e9sz\u00edtett\u00fcnk az egyszer\u0171 \u00e9s gyors megrendel\u00e9s \u00e9rdek\u00e9ben.<\/p><p>Kit\u00f6lt\u00e9s ut\u00e1n mentse el a megrendel\u0151lapot \u00e9s k\u00fcldje el az <a href=\"mailto:info@szkarabeusz.hu\">info@szkarabeusz.hu<\/a> e-mail c\u00edmre.<\/p>\t\t\t\t\t\t<\/div>\n\t\t\t\t<\/div>\n\t\t\t\t<section data-particle_enable=\"false\" data-particle-mobile-disabled=\"false\" class=\"elementor-section elementor-inner-section elementor-element elementor-element-b2bd7e1 elementor-section-boxed elementor-section-height-default elementor-section-height-default\" data-id=\"b2bd7e1\" data-element_type=\"section\">\n\t\t\t\t\t\t<div class=\"elementor-container elementor-column-gap-default\">\n\t\t\t\t\t<div class=\"elementor-column elementor-col-50 elementor-inner-column elementor-element elementor-element-0c66d31\" data-id=\"0c66d31\" data-element_type=\"column\">\n\t\t\t<div class=\"elementor-widget-wrap elementor-element-populated\">\n\t\t\t\t\t\t\t\t<div class=\"elementor-element elementor-element-636431e elementor-align-left elementor-widget elementor-widget-button\" data-id=\"636431e\" data-element_type=\"widget\" data-widget_type=\"button.default\">\n\t\t\t\t<div class=\"elementor-widget-container\">\n\t\t\t\t\t<div class=\"elementor-button-wrapper\">\n\t\t\t<a class=\"elementor-button elementor-button-link elementor-size-md\" href=\"https:\/\/szkarabeusz.code4flow.com\/wp-content\/uploads\/iskolai_vegyszer.xls\">\n\t\t\t\t\t\t<span class=\"elementor-button-content-wrapper\">\n\t\t\t\t\t\t<span class=\"elementor-button-text\">Iskolai vegyszerek<\/span>\n\t\t<\/span>\n\t\t\t\t\t<\/a>\n\t\t<\/div>\n\t\t\t\t<\/div>\n\t\t\t\t<\/div>\n\t\t\t\t\t<\/div>\n\t\t<\/div>\n\t\t\t\t<div class=\"elementor-column elementor-col-50 elementor-inner-column elementor-element elementor-element-fca0c2f\" data-id=\"fca0c2f\" data-element_type=\"column\">\n\t\t\t<div class=\"elementor-widget-wrap elementor-element-populated\">\n\t\t\t\t\t\t\t\t<div class=\"elementor-element elementor-element-a4cbc9e elementor-align-left elementor-widget elementor-widget-button\" data-id=\"a4cbc9e\" data-element_type=\"widget\" data-widget_type=\"button.default\">\n\t\t\t\t<div class=\"elementor-widget-container\">\n\t\t\t\t\t<div class=\"elementor-button-wrapper\">\n\t\t\t<a class=\"elementor-button elementor-button-link elementor-size-md\" href=\"https:\/\/szkarabeusz.code4flow.com\/wp-content\/uploads\/iskolai_eszkoz.xls\">\n\t\t\t\t\t\t<span class=\"elementor-button-content-wrapper\">\n\t\t\t\t\t\t<span class=\"elementor-button-text\">Iskolai eszk\u00f6z\u00f6k<\/span>\n\t\t<\/span>\n\t\t\t\t\t<\/a>\n\t\t<\/div>\n\t\t\t\t<\/div>\n\t\t\t\t<\/div>\n\t\t\t\t\t<\/div>\n\t\t<\/div>\n\t\t\t\t\t\t\t<\/div>\n\t\t<\/section>\n\t\t\t\t\t<\/div>\n\t\t<\/div>\n\t\t\t\t<div class=\"elementor-column elementor-col-50 elementor-top-column elementor-element elementor-element-8945b58\" data-id=\"8945b58\" data-element_type=\"column\" data-settings=\"{&quot;background_background&quot;:&quot;classic&quot;}\">\n\t\t\t<div class=\"elementor-widget-wrap elementor-element-populated\">\n\t\t\t\t\t\t\t\t<div class=\"elementor-element elementor-element-aaa3d94 elementor-widget elementor-widget-spacer\" data-id=\"aaa3d94\" data-element_type=\"widget\" data-widget_type=\"spacer.default\">\n\t\t\t\t<div class=\"elementor-widget-container\">\n\t\t\t<style>\/*! elementor - v3.16.0 - 17-10-2023 *\/\n.elementor-column .elementor-spacer-inner{height:var(--spacer-size)}.e-con{--container-widget-width:100%}.e-con-inner>.elementor-widget-spacer,.e-con>.elementor-widget-spacer{width:var(--container-widget-width,var(--spacer-size));--align-self:var(--container-widget-align-self,initial);--flex-shrink:0}.e-con-inner>.elementor-widget-spacer>.elementor-widget-container,.e-con>.elementor-widget-spacer>.elementor-widget-container{height:100%;width:100%}.e-con-inner>.elementor-widget-spacer>.elementor-widget-container>.elementor-spacer,.e-con>.elementor-widget-spacer>.elementor-widget-container>.elementor-spacer{height:100%}.e-con-inner>.elementor-widget-spacer>.elementor-widget-container>.elementor-spacer>.elementor-spacer-inner,.e-con>.elementor-widget-spacer>.elementor-widget-container>.elementor-spacer>.elementor-spacer-inner{height:var(--container-widget-height,var(--spacer-size))}.e-con-inner>.elementor-widget-spacer.elementor-widget-empty,.e-con>.elementor-widget-spacer.elementor-widget-empty{position:relative;min-height:22px;min-width:22px}.e-con-inner>.elementor-widget-spacer.elementor-widget-empty .elementor-widget-empty-icon,.e-con>.elementor-widget-spacer.elementor-widget-empty .elementor-widget-empty-icon{position:absolute;top:0;bottom:0;left:0;right:0;margin:auto;padding:0;width:22px;height:22px}<\/style>\t\t<div class=\"elementor-spacer\">\n\t\t\t<div class=\"elementor-spacer-inner\"><\/div>\n\t\t<\/div>\n\t\t\t\t<\/div>\n\t\t\t\t<\/div>\n\t\t\t\t\t<\/div>\n\t\t<\/div>\n\t\t\t\t\t\t\t<\/div>\n\t\t<\/section>\n\t\t\t\t\t\t\t<\/div>","protected":false},"excerpt":{"rendered":"<p>Iskol\u00e1knak Iskol\u00e1k r\u00e9sz\u00e9re t\u00e1bl\u00e1zatos megrendel\u0151lapot k\u00e9sz\u00edtett\u00fcnk az egyszer\u0171 \u00e9s gyors megrendel\u00e9s \u00e9rdek\u00e9ben. Kit\u00f6lt\u00e9s ut\u00e1n mentse el a megrendel\u0151lapot \u00e9s k\u00fcldje&#8230;<\/p>","protected":false},"author":1,"featured_media":0,"parent":0,"menu_order":0,"comment_status":"closed","ping_status":"closed","template":"elementor_header_footer","meta":{"_acf_changed":false,"footnotes":""},"class_list":["post-1487","page","type-page","status-publish","hentry"],"acf":[],"post-meta":{"_edit_lock":["1718623809:1"],"_edit_last":["1"],"site-container":["default"],"site-header-transparent":["default"],"site-page-header":["default"],"site-sidebar":["default"],"_elementor_edit_mode":["builder"],"_elementor_template_type":["wp-page"],"_elementor_version":["3.16.6"],"_elementor_pro_version":["3.16.2"],"_wp_page_template":["elementor_header_footer"],"_elementor_data":["[{\"id\":\"e90aea3\",\"elType\":\"section\",\"settings\":{\"structure\":\"20\",\"margin\":{\"unit\":\"px\",\"top\":\"40\",\"right\":0,\"bottom\":\"60\",\"left\":0,\"isLinked\":false},\"eael_parallax_layers_list\":[],\"eael_cl_logics\":[{\"_id\":\"9be01f2\"}]},\"elements\":[{\"id\":\"1bead39\",\"elType\":\"column\",\"settings\":{\"_column_size\":50,\"_inline_size\":null,\"content_position\":\"center\",\"eael_cl_logics\":[{\"_id\":\"200d525\"}]},\"elements\":[{\"id\":\"dad3564\",\"elType\":\"widget\",\"settings\":{\"title\":\"Iskol\\u00e1knak\",\"header_size\":\"h1\",\"align\":\"left\",\"__globals__\":{\"title_color\":\"globals\\\/colors?id=primary\"},\"eael_tooltip_section_content\":\"I am a tooltip\",\"eael_ext_content_protection_password_placeholder\":\"Enter Password\",\"eael_ext_content_protection_password_submit_btn_txt\":\"Submit\",\"eael_ext_content_protection_password_incorrect_message\":\"Password does not match.\",\"eael_cl_logics\":[{\"_id\":\"7fafc42\"}]},\"elements\":[],\"widgetType\":\"heading\"},{\"id\":\"1835ca3\",\"elType\":\"widget\",\"settings\":{\"editor\":\"<p>Iskol\\u00e1k r\\u00e9sz\\u00e9re t\\u00e1bl\\u00e1zatos megrendel\\u0151lapot k\\u00e9sz\\u00edtett\\u00fcnk az egyszer\\u0171 \\u00e9s gyors megrendel\\u00e9s \\u00e9rdek\\u00e9ben.<\\\/p><p>Kit\\u00f6lt\\u00e9s ut\\u00e1n mentse el a megrendel\\u0151lapot \\u00e9s k\\u00fcldje el az <a href=\\\"mailto:info@szkarabeusz.hu\\\">info@szkarabeusz.hu<\\\/a> e-mail c\\u00edmre.<\\\/p>\",\"align\":\"left\",\"_margin\":{\"unit\":\"px\",\"top\":\"0\",\"right\":\"20\",\"bottom\":\"0\",\"left\":\"0\",\"isLinked\":false},\"_padding\":{\"unit\":\"px\",\"top\":\"0\",\"right\":\"0\",\"bottom\":\"0\",\"left\":\"0\",\"isLinked\":false},\"eael_tooltip_section_content\":\"I am a tooltip\",\"eael_ext_content_protection_password_placeholder\":\"Enter Password\",\"eael_ext_content_protection_password_submit_btn_txt\":\"Submit\",\"eael_ext_content_protection_password_incorrect_message\":\"Password does not match.\",\"eael_cl_logics\":[{\"_id\":\"ffa68f3\"}]},\"elements\":[],\"widgetType\":\"text-editor\"},{\"id\":\"b2bd7e1\",\"elType\":\"section\",\"settings\":{\"structure\":\"20\",\"eael_parallax_layers_list\":[],\"eael_cl_logics\":[{\"_id\":\"1afb606\"}]},\"elements\":[{\"id\":\"0c66d31\",\"elType\":\"column\",\"settings\":{\"_column_size\":50,\"_inline_size\":null,\"space_between_widgets\":0,\"eael_cl_logics\":[{\"_id\":\"9d97cca\"}]},\"elements\":[{\"id\":\"636431e\",\"elType\":\"widget\",\"settings\":{\"text\":\"Iskolai vegyszerek\",\"align\":\"left\",\"size\":\"md\",\"link\":{\"url\":\"https:\\\/\\\/szkarabeusz.code4flow.com\\\/wp-content\\\/uploads\\\/iskolai_vegyszer.xls\",\"is_external\":\"\",\"nofollow\":\"\",\"custom_attributes\":\"\"},\"hover_color\":\"#FFFFFF\",\"_margin\":{\"unit\":\"px\",\"top\":\"0\",\"right\":\"0\",\"bottom\":\"0\",\"left\":\"0\",\"isLinked\":false},\"_padding\":{\"unit\":\"px\",\"top\":\"0\",\"right\":\"0\",\"bottom\":\"0\",\"left\":\"0\",\"isLinked\":false},\"__globals__\":{\"button_background_hover_color\":\"globals\\\/colors?id=primary\"},\"eael_tooltip_section_content\":\"I am a tooltip\",\"eael_ext_content_protection_password_placeholder\":\"Enter Password\",\"eael_ext_content_protection_password_submit_btn_txt\":\"Submit\",\"eael_ext_content_protection_password_incorrect_message\":\"Password does not match.\",\"eael_cl_logics\":[{\"_id\":\"34e6496\"}]},\"elements\":[],\"widgetType\":\"button\"}],\"isInner\":true},{\"id\":\"fca0c2f\",\"elType\":\"column\",\"settings\":{\"_column_size\":50,\"_inline_size\":null,\"eael_cl_logics\":[{\"_id\":\"108abd6\"}]},\"elements\":[{\"id\":\"a4cbc9e\",\"elType\":\"widget\",\"settings\":{\"text\":\"Iskolai eszk\\u00f6z\\u00f6k\",\"align\":\"left\",\"size\":\"md\",\"link\":{\"url\":\"https:\\\/\\\/szkarabeusz.code4flow.com\\\/wp-content\\\/uploads\\\/iskolai_eszkoz.xls\",\"is_external\":\"\",\"nofollow\":\"\",\"custom_attributes\":\"\"},\"hover_color\":\"#FFFFFF\",\"_margin\":{\"unit\":\"px\",\"top\":\"0\",\"right\":\"0\",\"bottom\":\"0\",\"left\":\"0\",\"isLinked\":false},\"_padding\":{\"unit\":\"px\",\"top\":\"0\",\"right\":\"0\",\"bottom\":\"0\",\"left\":\"0\",\"isLinked\":false},\"__globals__\":{\"button_background_hover_color\":\"globals\\\/colors?id=primary\"},\"eael_tooltip_section_content\":\"I am a tooltip\",\"eael_ext_content_protection_password_placeholder\":\"Enter Password\",\"eael_ext_content_protection_password_submit_btn_txt\":\"Submit\",\"eael_ext_content_protection_password_incorrect_message\":\"Password does not match.\",\"eael_cl_logics\":[{\"_id\":\"3bef932\"}]},\"elements\":[],\"widgetType\":\"button\"}],\"isInner\":true}],\"isInner\":true}],\"isInner\":false},{\"id\":\"8945b58\",\"elType\":\"column\",\"settings\":{\"_column_size\":50,\"_inline_size\":null,\"background_background\":\"classic\",\"background_image\":{\"url\":\"https:\\\/\\\/szkarabeusz.code4flow.com\\\/wp-content\\\/uploads\\\/2023\\\/07\\\/kemia-ora.jpg\",\"id\":2125,\"size\":\"\",\"alt\":\"\",\"source\":\"library\"},\"background_repeat\":\"no-repeat\",\"background_size\":\"cover\",\"eael_cl_logics\":[{\"_id\":\"d62efe5\"}]},\"elements\":[{\"id\":\"aaa3d94\",\"elType\":\"widget\",\"settings\":{\"space\":{\"unit\":\"px\",\"size\":370,\"sizes\":[]},\"eael_tooltip_section_content\":\"I am a tooltip\",\"eael_ext_content_protection_password_placeholder\":\"Enter Password\",\"eael_ext_content_protection_password_submit_btn_txt\":\"Submit\",\"eael_ext_content_protection_password_incorrect_message\":\"Password does not match.\",\"eael_cl_logics\":[{\"_id\":\"db6f85c\"}]},\"elements\":[],\"widgetType\":\"spacer\"}],\"isInner\":false}],\"isInner\":false}]"],"_elementor_page_assets":["a:0:{}"],"_elementor_page_settings":["a:1:{s:18:\"eael_ext_toc_title\";s:17:\"Table of Contents\";}"],"_eael_custom_js":[""],"_elementor_css":["a:6:{s:4:\"time\";i:1749265483;s:5:\"fonts\";a:0:{}s:5:\"icons\";a:1:{i:0;s:0:\"\";}s:20:\"dynamic_elements_ids\";a:0:{}s:6:\"status\";s:4:\"file\";i:0;s:0:\"\";}"]},"_links":{"self":[{"href":"https:\/\/szkarabeusz.code4flow.com\/de\/wp-json\/wp\/v2\/pages\/1487","targetHints":{"allow":["GET"]}}],"collection":[{"href":"https:\/\/szkarabeusz.code4flow.com\/de\/wp-json\/wp\/v2\/pages"}],"about":[{"href":"https:\/\/szkarabeusz.code4flow.com\/de\/wp-json\/wp\/v2\/types\/page"}],"author":[{"embeddable":true,"href":"https:\/\/szkarabeusz.code4flow.com\/de\/wp-json\/wp\/v2\/users\/1"}],"replies":[{"embeddable":true,"href":"https:\/\/szkarabeusz.code4flow.com\/de\/wp-json\/wp\/v2\/comments?post=1487"}],"version-history":[{"count":37,"href":"https:\/\/szkarabeusz.code4flow.com\/de\/wp-json\/wp\/v2\/pages\/1487\/revisions"}],"predecessor-version":[{"id":9133,"href":"https:\/\/szkarabeusz.code4flow.com\/de\/wp-json\/wp\/v2\/pages\/1487\/revisions\/9133"}],"wp:attachment":[{"href":"https:\/\/szkarabeusz.code4flow.com\/de\/wp-json\/wp\/v2\/media?parent=1487"}],"curies":[{"name":"wp","href":"https:\/\/api.w.org\/{rel}","templated":true}]}}