{"id":2422,"date":"2023-12-15T17:07:53","date_gmt":"2023-12-15T17:07:53","guid":{"rendered":"https:\/\/szkarabeusz.code4flow.com\/?page_id=2422"},"modified":"2023-12-15T17:07:53","modified_gmt":"2023-12-15T17:07:53","slug":"szechenyi-terv","status":"publish","type":"page","link":"https:\/\/szkarabeusz.code4flow.com\/de\/szechenyi-terv\/","title":{"rendered":"Sz\u00e9chenyi terv"},"content":{"rendered":"<h4><strong>A <b>SZKARABEUSZ Laborat\u00f3riumi, Vegyipari \u00e9s Kereskedelmi Korl\u00e1tolt Felel\u0151ss\u00e9g\u0171 T\u00e1rsas\u00e1g<\/b> \u00e1ltal megp\u00e1ly\u00e1zott \u00e9s elnyert, Sz\u00e9chenyi Terv keret\u00e9ben megval\u00f3sul\u00f3 p\u00e1ly\u00e1zatot tal\u00e1lja, melyek\u00e9rt h\u00e1l\u00e1val tartozunk Magyarorsz\u00e1g Korm\u00e1ny\u00e1nak \u00e9s az Eur\u00f3pai Uni\u00f3nak!<\/strong><\/h4>\n<p>&nbsp;<\/p>\n<p><em><strong>C\u00e9gn\u00e9v: SZKARABEUSZ Laborat\u00f3riumi, Vegyipari \u00e9s Kereskedelmi Korl\u00e1tolt Felel\u0151ss\u00e9g\u0171 T\u00e1rsas\u00e1g<\/strong><\/em><\/p>\n<p><em><strong>P\u00e1ly\u00e1zati Hitelprogram megnevez\u00e9se: Mikro-, kis-\u00e9s k\u00f6z\u00e9pv\u00e1llalkoz\u00e1sok technol\u00f3giai c\u00e9l\u00fa hitelprogram-k\u00e9szletbeszerz\u00e9s \u00e9s munkaer\u0151k\u00f6lts\u00e9g finansz\u00edroz\u00e1sa<\/strong><\/em><\/p>\n<p><em><strong>Visszat\u00e9r\u00edtend\u0151 hitel \u00f6sszege: 25.000.000.-<\/strong><\/em><\/p>\n<p><em><strong>A projekt azonos\u00edt\u00f3 sz\u00e1ma: GINOP-8.3.5-18\/B<\/strong><\/em><\/p>\n<p>&nbsp;<\/p>\n<p><a href=\"https:\/\/szkarabeusz.code4flow.com\/wp-content\/uploads\/2023\/12\/szechenyi_terv.jpg\"><img loading=\"lazy\" decoding=\"async\" class=\"alignnone wp-image-2423 size-full\" src=\"https:\/\/szkarabeusz.code4flow.com\/wp-content\/uploads\/2023\/12\/szechenyi_terv.jpg\" alt=\"\" width=\"736\" height=\"636\" srcset=\"https:\/\/szkarabeusz.code4flow.com\/wp-content\/uploads\/2023\/12\/szechenyi_terv.jpg 736w, https:\/\/szkarabeusz.code4flow.com\/wp-content\/uploads\/2023\/12\/szechenyi_terv-300x259.jpg 300w, https:\/\/szkarabeusz.code4flow.com\/wp-content\/uploads\/2023\/12\/szechenyi_terv-600x518.jpg 600w\" sizes=\"auto, (max-width: 736px) 100vw, 736px\" \/><\/a><\/p>","protected":false},"excerpt":{"rendered":"<p>A SZKARABEUSZ Laborat\u00f3riumi, Vegyipari \u00e9s Kereskedelmi Korl\u00e1tolt Felel\u0151ss\u00e9g\u0171 T\u00e1rsas\u00e1g \u00e1ltal megp\u00e1ly\u00e1zott \u00e9s elnyert, Sz\u00e9chenyi Terv keret\u00e9ben megval\u00f3sul\u00f3 p\u00e1ly\u00e1zatot tal\u00e1lja, melyek\u00e9rt&#8230;<\/p>","protected":false},"author":1,"featured_media":0,"parent":0,"menu_order":0,"comment_status":"closed","ping_status":"closed","template":"","meta":{"_acf_changed":false,"footnotes":""},"class_list":["post-2422","page","type-page","status-publish","hentry"],"acf":[],"post-meta":{"_edit_lock":["1702660018:1"],"_edit_last":["1"],"_wp_page_template":["default"],"site-container":["default"],"site-header-transparent":["default"],"site-page-header":["default"],"site-sidebar":["default"]},"_links":{"self":[{"href":"https:\/\/szkarabeusz.code4flow.com\/de\/wp-json\/wp\/v2\/pages\/2422","targetHints":{"allow":["GET"]}}],"collection":[{"href":"https:\/\/szkarabeusz.code4flow.com\/de\/wp-json\/wp\/v2\/pages"}],"about":[{"href":"https:\/\/szkarabeusz.code4flow.com\/de\/wp-json\/wp\/v2\/types\/page"}],"author":[{"embeddable":true,"href":"https:\/\/szkarabeusz.code4flow.com\/de\/wp-json\/wp\/v2\/users\/1"}],"replies":[{"embeddable":true,"href":"https:\/\/szkarabeusz.code4flow.com\/de\/wp-json\/wp\/v2\/comments?post=2422"}],"version-history":[{"count":1,"href":"https:\/\/szkarabeusz.code4flow.com\/de\/wp-json\/wp\/v2\/pages\/2422\/revisions"}],"predecessor-version":[{"id":2424,"href":"https:\/\/szkarabeusz.code4flow.com\/de\/wp-json\/wp\/v2\/pages\/2422\/revisions\/2424"}],"wp:attachment":[{"href":"https:\/\/szkarabeusz.code4flow.com\/de\/wp-json\/wp\/v2\/media?parent=2422"}],"curies":[{"name":"wp","href":"https:\/\/api.w.org\/{rel}","templated":true}]}}