{"id":2580,"date":"2024-02-13T06:28:40","date_gmt":"2024-02-13T06:28:40","guid":{"rendered":"https:\/\/szkarabeusz.code4flow.com\/?page_id=2580"},"modified":"2024-02-13T06:29:59","modified_gmt":"2024-02-13T06:29:59","slug":"adatvedelmi-tajekoztato","status":"publish","type":"page","link":"https:\/\/szkarabeusz.code4flow.com\/de\/adatvedelmi-tajekoztato\/","title":{"rendered":"Adatv\u00e9delmi t\u00e1j\u00e9koztat\u00f3"},"content":{"rendered":"<div data-elementor-type=\"wp-page\" data-elementor-id=\"2580\" class=\"elementor elementor-2580\" data-elementor-post-type=\"page\">\n\t\t\t\t\t\t\t\t\t<section data-particle_enable=\"false\" data-particle-mobile-disabled=\"false\" class=\"elementor-section elementor-top-section elementor-element elementor-element-b52b7b7 elementor-section-boxed elementor-section-height-default elementor-section-height-default\" data-id=\"b52b7b7\" data-element_type=\"section\">\n\t\t\t\t\t\t<div class=\"elementor-container elementor-column-gap-default\">\n\t\t\t\t\t<div class=\"elementor-column elementor-col-100 elementor-top-column elementor-element elementor-element-ee0ade9\" data-id=\"ee0ade9\" data-element_type=\"column\">\n\t\t\t<div class=\"elementor-widget-wrap elementor-element-populated\">\n\t\t\t\t\t\t\t\t<div class=\"elementor-element elementor-element-7de5271 elementor-widget elementor-widget-heading\" data-id=\"7de5271\" data-element_type=\"widget\" data-widget_type=\"heading.default\">\n\t\t\t\t<div class=\"elementor-widget-container\">\n\t\t\t<style>\/*! elementor - v3.16.0 - 17-10-2023 *\/\n.elementor-heading-title{padding:0;margin:0;line-height:1}.elementor-widget-heading .elementor-heading-title[class*=elementor-size-]>a{color:inherit;font-size:inherit;line-height:inherit}.elementor-widget-heading .elementor-heading-title.elementor-size-small{font-size:15px}.elementor-widget-heading .elementor-heading-title.elementor-size-medium{font-size:19px}.elementor-widget-heading .elementor-heading-title.elementor-size-large{font-size:29px}.elementor-widget-heading .elementor-heading-title.elementor-size-xl{font-size:39px}.elementor-widget-heading .elementor-heading-title.elementor-size-xxl{font-size:59px}<\/style><h1 class=\"elementor-heading-title elementor-size-default\">Adatv\u00e9delmi t\u00e1j\u00e9koztat\u00f3<\/h1>\t\t<\/div>\n\t\t\t\t<\/div>\n\t\t\t\t\t<\/div>\n\t\t<\/div>\n\t\t\t\t\t\t\t<\/div>\n\t\t<\/section>\n\t\t\t\t<section data-particle_enable=\"false\" data-particle-mobile-disabled=\"false\" class=\"elementor-section elementor-top-section elementor-element elementor-element-6c13dbe elementor-section-boxed elementor-section-height-default elementor-section-height-default\" data-id=\"6c13dbe\" data-element_type=\"section\">\n\t\t\t\t\t\t<div class=\"elementor-container elementor-column-gap-default\">\n\t\t\t\t\t<div class=\"elementor-column elementor-col-100 elementor-top-column elementor-element elementor-element-2dc0666\" data-id=\"2dc0666\" data-element_type=\"column\">\n\t\t\t<div class=\"elementor-widget-wrap elementor-element-populated\">\n\t\t\t\t\t\t\t\t<div class=\"elementor-element elementor-element-d8f2caa elementor-widget elementor-widget-text-editor\" data-id=\"d8f2caa\" data-element_type=\"widget\" data-widget_type=\"text-editor.default\">\n\t\t\t\t<div class=\"elementor-widget-container\">\n\t\t\t<style>\/*! elementor - v3.16.0 - 17-10-2023 *\/\n.elementor-widget-text-editor.elementor-drop-cap-view-stacked .elementor-drop-cap{background-color:#69727d;color:#fff}.elementor-widget-text-editor.elementor-drop-cap-view-framed .elementor-drop-cap{color:#69727d;border:3px solid;background-color:transparent}.elementor-widget-text-editor:not(.elementor-drop-cap-view-default) .elementor-drop-cap{margin-top:8px}.elementor-widget-text-editor:not(.elementor-drop-cap-view-default) .elementor-drop-cap-letter{width:1em;height:1em}.elementor-widget-text-editor .elementor-drop-cap{float:left;text-align:center;line-height:1;font-size:50px}.elementor-widget-text-editor .elementor-drop-cap-letter{display:inline-block}<\/style>\t\t\t\t<p>Jelen t\u00e1j\u00e9koztat\u00f3 a term\u00e9szetes szem\u00e9lyeknek a szem\u00e9lyes adatok v\u00e9delm\u00e9r\u0151l \u00e9s az ilyen adatok szabad \u00e1raml\u00e1s\u00e1r\u00f3l sz\u00f3l\u00f3 az Eur\u00f3pai Tan\u00e1cs 2016\/679 rendelete (GDPR) \u00e9s a szem\u00e9lyes adatoknak az illet\u00e9kes hat\u00f3s\u00e1g \u00e1ltal v\u00e9gzett adatkezel\u00e9se az EU\/2016\/680 ir\u00e1nyelve alapj\u00e1n k\u00e9sz\u00fclt. Figyelembe veszi az inform\u00e1ci\u00f3s \u00f6nrendelkez\u00e9si jogr\u00f3l \u00e9s az inform\u00e1ci\u00f3szabads\u00e1gr\u00f3l sz\u00f3l\u00f3 2011. \u00e9vi CXII. t\u00f6rv\u00e9nyt (infotv.) \u00e9s a Polg\u00e1ri t\u00f6rv\u00e9nyk\u00f6nyvet (PTK), valamint a gazdas\u00e1gi rekl\u00e1mtev\u00e9kenys\u00e9g alapvet\u0151 felt\u00e9teleir\u0151l \u00e9s egyes korl\u00e1tair\u00f3l sz\u00f3l\u00f3 2008. \u00e9vi XLVIII. t\u00f6rv\u00e9ny rendelkez\u00e9seit.<br \/>Szolg\u00e1ltat\u00f3, adatkezel\u0151 megnevez\u00e9se:<br \/>C\u00e9gn\u00e9v: Szkarabeusz Kft. <br \/>Sz\u00e9khely: 7741 Bog\u00e1d, Pet\u0151fi u.17.<br \/>Ad\u00f3sz\u00e1m: 11859389-2-02<br \/>Weboldal megnevez\u00e9se: www.szkarabeusz.hu<\/p><p><br \/>Az adatkezel\u0151 el\u00e9rhet\u0151s\u00e9gei: <br \/>Telephely: 7622 P\u00e9cs, Verseny u.17. <br \/>Levelez\u00e9si c\u00edm: 7602 P\u00e9cs, Pf.: 161.<br \/>E-mail: info@szkarabeusz.hu<br \/>Telefon: +36 72 532828<\/p><p>Jelen adatkezel\u00e9si t\u00e1j\u00e9koztat\u00f3 az al\u00e1bbi oldal adatkezel\u00e9s\u00e9t szab\u00e1lyozza:www.szkarabeusz.hu<br \/>Az adatkezel\u00e9si t\u00e1j\u00e9koztat\u00f3 el\u00e9rhet\u0151 az al\u00e1bbi oldalr\u00f3l: www.szkarabeusz.hu<\/p><p>A t\u00e1j\u00e9koztat\u00f3 m\u00f3dos\u00edt\u00e1sai a fenti c\u00edmen t\u00f6rt\u00e9n\u0151 k\u00f6zz\u00e9t\u00e9tellel l\u00e9pnek hat\u00e1lyba.<br \/><br \/>T\u00e1j\u00e9koztatjuk tisztelt felhaszn\u00e1l\u00f3inkat, hogy az adatkezel\u00e9s hozz\u00e1j\u00e1rul\u00e1son alapul. Annak \u00e9rdek\u00e9ben, hogy rendel\u00e9s\u00e9t teljes\u00edteni tudjuk a szem\u00e9lyes adatokat meg kell adni. Az adatszolg\u00e1ltat\u00e1s elmarad\u00e1sa eset\u00e9n rendel\u00e9s\u00e9t nem tudjuk feldolgozni.<\/p><p><br \/>1. Adatkezel\u00e9s c\u00e9lja<br \/>Szolg\u00e1ltat\u00e1s ny\u00fajt\u00e1s\u00e1ra ir\u00e1nyul\u00f3 szerz\u0151d\u00e9s l\u00e9trehoz\u00e1sa (v\u00e1s\u00e1rl\u00e1s az online fel\u00fcleten, vagy megrendel\u00e9sek tov\u00e1bb\u00edt\u00e1sa), tartalm\u00e1nak meghat\u00e1roz\u00e1sa, m\u00f3dos\u00edt\u00e1sa, teljes\u00edt\u00e9s\u00e9nek figyelemmel k\u00eds\u00e9r\u00e9se, az abb\u00f3l sz\u00e1rmaz\u00f3 d\u00edjak sz\u00e1ml\u00e1z\u00e1sa, valamint az azzal kapcsolatos k\u00f6vetel\u00e9sek \u00e9rv\u00e9nyes\u00edt\u00e9se, tov\u00e1bb\u00e1 kapcsolattart\u00e1s a szerz\u0151d\u00e9s teljes\u00edt\u00e9se kapcs\u00e1n.<br \/>2. Kezelt adatok k\u00f6re<br \/>Mag\u00e1nszem\u00e9lyek eset\u00e9ben a v\u00e1s\u00e1rl\u00f3 neve, lakc\u00edme, e-mail c\u00edme, telefonsz\u00e1ma; c\u00e9gek eset\u00e9ben ad\u00f3sz\u00e1m, sz\u00e1ml\u00e1z\u00e1si c\u00e9gn\u00e9v, sz\u00e1ml\u00e1z\u00e1si c\u00edm (v\u00e1ros, ir\u00e1ny\u00edt\u00f3sz\u00e1m, utca, h\u00e1zsz\u00e1m), sz\u00e1ll\u00edt\u00e1si n\u00e9v, sz\u00e1ll\u00edt\u00e1si c\u00e9gn\u00e9v (nem k\u00f6telez\u0151), sz\u00e1ll\u00edt\u00e1si c\u00edm (v\u00e1ros, ir\u00e1ny\u00edt\u00f3sz\u00e1m, utca, h\u00e1zsz\u00e1m), email c\u00edm, megjegyz\u00e9s (nem k\u00f6telez\u0151), egyedi v\u00e1s\u00e1rl\u00e1si azonos\u00edt\u00f3, v\u00e1s\u00e1rl\u00e1si inform\u00e1ci\u00f3k.<br \/>3. Adatkezel\u00e9s jogalapja<br \/>A Szkarabeusz Kft. \u00e1ltal m\u0171k\u00f6dtetett online oldalon t\u00f6rt\u00e9n\u0151 rendel\u00e9s szerz\u0151d\u00e9snek min\u0151s\u00fcl, az adatkezel\u00e9s jogalapja a szerz\u0151d\u00e9s teljes\u00edt\u00e9se.<br \/>4. Adatok t\u00e1rol\u00e1s\u00e1nak helye \u00e9s id\u0151tartama<br \/>Az adatok a Szkarabeusz Kft. telephely\u00e9n m\u0171k\u00f6d\u0151 szerveren ker\u00fclnek t\u00e1rol\u00e1sra. A szem\u00e9lyes adatok kezel\u00e9s\u00e9nek id\u0151tartama: a regisztr\u00e1ci\u00f3 \/ szolg\u00e1ltat\u00e1s fenn\u00e1ll\u00e1s\u00e1ig, vagy az \u00e9rintett hozz\u00e1j\u00e1rul\u00e1sa visszavon\u00e1s\u00e1ig (t\u00f6rl\u00e9si k\u00e9relm\u00e9ig), v\u00e1s\u00e1rl\u00e1s eset\u00e9n a v\u00e1s\u00e1rl\u00e1s \u00e9v\u00e9t k\u00f6vet\u0151 5 \u00e9vig.<br \/>5. Adatokhoz hozz\u00e1f\u00e9r\u0151 szem\u00e9lyek<br \/>A Szkarabeusz Kft. \u00fcgyf\u00e9lszolg\u00e1lattal, marketing tev\u00e9kenys\u00e9g\u00e9vel kapcsolatos feladatokat ell\u00e1t\u00f3 munkav\u00e1llal\u00f3i, adatfeldolgoz\u00f3k\u00e9nt dolgoz\u00f3 munkat\u00e1rsak, a T\u00e1rsas\u00e1g ad\u00f3z\u00e1si, k\u00f6nyvviteli feladatait ell\u00e1t\u00f3 v\u00e1llalkoz\u00e1s munkav\u00e1llal\u00f3i, az ad\u00f3 \u00e9s sz\u00e1mviteli k\u00f6telezetts\u00e9gek teljes\u00edt\u00e9se c\u00e9lj\u00e1b\u00f3l, a T\u00e1rsas\u00e1g IT szolg\u00e1ltat\u00f3ja munkav\u00e1llal\u00f3i a t\u00e1rhelyszolg\u00e1ltat\u00e1s teljes\u00edt\u00e9se c\u00e9lj\u00e1b\u00f3l, a fut\u00e1rszolg\u00e1lat munkav\u00e1llal\u00f3i a sz\u00e1ll\u00edt\u00e1si adatok (n\u00e9v, c\u00edm, telefonsz\u00e1m) vonatkoz\u00e1s\u00e1ban.<br \/>6. Egy\u00e9b adatkezel\u00e9sek<br \/>Amennyiben az adatkezel\u0151 szolg\u00e1ltat\u00e1saink ig\u00e9nybev\u00e9tele sor\u00e1n k\u00e9rd\u00e9s mer\u00fclne fel, esetleg probl\u00e9m\u00e1ja lenne az \u00e9rintettnek, a honlapon megadott m\u00f3dokon (telefon, email, postai \u00faton) kapcsolatba l\u00e9phet az adatkezel\u0151vel.<br \/>Hat\u00f3s\u00e1gi megkeres\u00e9sre, illet\u0151leg jogszab\u00e1ly felhatalmaz\u00e1sa alapj\u00e1n m\u00e1s szervek megkeres\u00e9se eset\u00e9n a Szkarabeusz Kft. k\u00f6teles t\u00e1j\u00e9koztat\u00e1s ad\u00e1s\u00e1ra, adatok k\u00f6zl\u00e9s\u00e9re, \u00e1tad\u00e1s\u00e1ra, illet\u0151leg iratok rendelkez\u00e9sre bocs\u00e1t\u00e1s\u00e1ra. A Szkarabeusz Kft. ezen esetekben a megkeres\u0151 r\u00e9sz\u00e9re \u2013 amennyiben az a pontos c\u00e9lt \u00e9s az adatok k\u00f6r\u00e9t megjel\u00f6lte \u2013 szem\u00e9lyes adatot csak annyit \u00e9s olyan m\u00e9rt\u00e9kben ad ki, amely a megkeres\u00e9s c\u00e9lj\u00e1nak megval\u00f3s\u00edt\u00e1s\u00e1hoz elengedhetetlen\u00fcl sz\u00fcks\u00e9ges.<br \/>A robban\u00f3szer- \u00e9s k\u00e1b\u00edt\u00f3szer-prekurzorok v\u00e1s\u00e1rl\u00e1sa eset\u00e9ben az adatok t\u00e1rol\u00e1sa \u00e9s hat\u00f3s\u00e1gnak val\u00f3 \u00e1tad\u00e1sa k\u00f6telez\u0151.<\/p>\t\t\t\t\t\t<\/div>\n\t\t\t\t<\/div>\n\t\t\t\t\t<\/div>\n\t\t<\/div>\n\t\t\t\t\t\t\t<\/div>\n\t\t<\/section>\n\t\t\t\t\t\t\t<\/div>","protected":false},"excerpt":{"rendered":"<p>Adatv\u00e9delmi t\u00e1j\u00e9koztat\u00f3 Jelen t\u00e1j\u00e9koztat\u00f3 a term\u00e9szetes szem\u00e9lyeknek a szem\u00e9lyes adatok v\u00e9delm\u00e9r\u0151l \u00e9s az ilyen adatok szabad \u00e1raml\u00e1s\u00e1r\u00f3l sz\u00f3l\u00f3 az Eur\u00f3pai&#8230;<\/p>","protected":false},"author":1,"featured_media":0,"parent":0,"menu_order":0,"comment_status":"closed","ping_status":"closed","template":"elementor_header_footer","meta":{"_acf_changed":false,"footnotes":""},"class_list":["post-2580","page","type-page","status-publish","hentry"],"acf":[],"post-meta":{"_edit_lock":["1748959677:1"],"_edit_last":["1"],"_elementor_edit_mode":["builder"],"_elementor_template_type":["wp-page"],"_elementor_version":["3.16.6"],"_elementor_pro_version":["3.16.2"],"_wp_page_template":["elementor_header_footer"],"_elementor_page_settings":["a:1:{s:18:\"eael_ext_toc_title\";s:17:\"Table of Contents\";}"],"_elementor_data":["[{\"id\":\"b52b7b7\",\"elType\":\"section\",\"settings\":{\"eael_parallax_layers_list\":[],\"eael_cl_logics\":[{\"_id\":\"16ded17\"}]},\"elements\":[{\"id\":\"ee0ade9\",\"elType\":\"column\",\"settings\":{\"_column_size\":100,\"_inline_size\":null,\"eael_cl_logics\":[{\"_id\":\"2fc6afb\"}]},\"elements\":[{\"id\":\"7de5271\",\"elType\":\"widget\",\"settings\":{\"title\":\"Adatv\\u00e9delmi t\\u00e1j\\u00e9koztat\\u00f3\",\"header_size\":\"h1\",\"eael_tooltip_section_content\":\"I am a tooltip\",\"eael_ext_content_protection_password_placeholder\":\"Enter Password\",\"eael_ext_content_protection_password_submit_btn_txt\":\"Submit\",\"eael_ext_content_protection_password_incorrect_message\":\"Password does not match.\",\"eael_cl_logics\":[{\"_id\":\"e7aaa68\"}]},\"elements\":[],\"widgetType\":\"heading\"}],\"isInner\":false}],\"isInner\":false},{\"id\":\"6c13dbe\",\"elType\":\"section\",\"settings\":{\"eael_parallax_layers_list\":[],\"eael_cl_logics\":[{\"_id\":\"7541bdf\"}]},\"elements\":[{\"id\":\"2dc0666\",\"elType\":\"column\",\"settings\":{\"_column_size\":100,\"_inline_size\":null,\"eael_cl_logics\":[{\"_id\":\"7699ab5\"}]},\"elements\":[{\"id\":\"d8f2caa\",\"elType\":\"widget\",\"settings\":{\"editor\":\"<p>Jelen t\\u00e1j\\u00e9koztat\\u00f3 a term\\u00e9szetes szem\\u00e9lyeknek a szem\\u00e9lyes adatok v\\u00e9delm\\u00e9r\\u0151l \\u00e9s az ilyen adatok szabad \\u00e1raml\\u00e1s\\u00e1r\\u00f3l sz\\u00f3l\\u00f3 az Eur\\u00f3pai Tan\\u00e1cs 2016\\\/679 rendelete (GDPR) \\u00e9s a szem\\u00e9lyes adatoknak az illet\\u00e9kes hat\\u00f3s\\u00e1g \\u00e1ltal v\\u00e9gzett adatkezel\\u00e9se az EU\\\/2016\\\/680 ir\\u00e1nyelve alapj\\u00e1n k\\u00e9sz\\u00fclt. Figyelembe veszi az inform\\u00e1ci\\u00f3s \\u00f6nrendelkez\\u00e9si jogr\\u00f3l \\u00e9s az inform\\u00e1ci\\u00f3szabads\\u00e1gr\\u00f3l sz\\u00f3l\\u00f3 2011. \\u00e9vi CXII. t\\u00f6rv\\u00e9nyt (infotv.) \\u00e9s a Polg\\u00e1ri t\\u00f6rv\\u00e9nyk\\u00f6nyvet (PTK), valamint a gazdas\\u00e1gi rekl\\u00e1mtev\\u00e9kenys\\u00e9g alapvet\\u0151 felt\\u00e9teleir\\u0151l \\u00e9s egyes korl\\u00e1tair\\u00f3l sz\\u00f3l\\u00f3 2008. \\u00e9vi XLVIII. t\\u00f6rv\\u00e9ny rendelkez\\u00e9seit.<br \\\/>Szolg\\u00e1ltat\\u00f3, adatkezel\\u0151 megnevez\\u00e9se:<br \\\/>C\\u00e9gn\\u00e9v: Szkarabeusz Kft. <br \\\/>Sz\\u00e9khely: 7741 Bog\\u00e1d, Pet\\u0151fi u.17.<br \\\/>Ad\\u00f3sz\\u00e1m: 11859389-2-02<br \\\/>Weboldal megnevez\\u00e9se: www.szkarabeusz.hu<\\\/p><p><br \\\/>Az adatkezel\\u0151 el\\u00e9rhet\\u0151s\\u00e9gei: <br \\\/>Telephely: 7622 P\\u00e9cs, Verseny u.17. <br \\\/>Levelez\\u00e9si c\\u00edm: 7602 P\\u00e9cs, Pf.: 161.<br \\\/>E-mail: info@szkarabeusz.hu<br \\\/>Telefon: +36 72 532828<\\\/p><p>Jelen adatkezel\\u00e9si t\\u00e1j\\u00e9koztat\\u00f3 az al\\u00e1bbi oldal adatkezel\\u00e9s\\u00e9t szab\\u00e1lyozza:www.szkarabeusz.hu<br \\\/>Az adatkezel\\u00e9si t\\u00e1j\\u00e9koztat\\u00f3 el\\u00e9rhet\\u0151 az al\\u00e1bbi oldalr\\u00f3l: www.szkarabeusz.hu<\\\/p><p>A t\\u00e1j\\u00e9koztat\\u00f3 m\\u00f3dos\\u00edt\\u00e1sai a fenti c\\u00edmen t\\u00f6rt\\u00e9n\\u0151 k\\u00f6zz\\u00e9t\\u00e9tellel l\\u00e9pnek hat\\u00e1lyba.<br \\\/><br \\\/>T\\u00e1j\\u00e9koztatjuk tisztelt felhaszn\\u00e1l\\u00f3inkat, hogy az adatkezel\\u00e9s hozz\\u00e1j\\u00e1rul\\u00e1son alapul. Annak \\u00e9rdek\\u00e9ben, hogy rendel\\u00e9s\\u00e9t teljes\\u00edteni tudjuk a szem\\u00e9lyes adatokat meg kell adni. Az adatszolg\\u00e1ltat\\u00e1s elmarad\\u00e1sa eset\\u00e9n rendel\\u00e9s\\u00e9t nem tudjuk feldolgozni.<\\\/p><p><br \\\/>1. Adatkezel\\u00e9s c\\u00e9lja<br \\\/>Szolg\\u00e1ltat\\u00e1s ny\\u00fajt\\u00e1s\\u00e1ra ir\\u00e1nyul\\u00f3 szerz\\u0151d\\u00e9s l\\u00e9trehoz\\u00e1sa (v\\u00e1s\\u00e1rl\\u00e1s az online fel\\u00fcleten, vagy megrendel\\u00e9sek tov\\u00e1bb\\u00edt\\u00e1sa), tartalm\\u00e1nak meghat\\u00e1roz\\u00e1sa, m\\u00f3dos\\u00edt\\u00e1sa, teljes\\u00edt\\u00e9s\\u00e9nek figyelemmel k\\u00eds\\u00e9r\\u00e9se, az abb\\u00f3l sz\\u00e1rmaz\\u00f3 d\\u00edjak sz\\u00e1ml\\u00e1z\\u00e1sa, valamint az azzal kapcsolatos k\\u00f6vetel\\u00e9sek \\u00e9rv\\u00e9nyes\\u00edt\\u00e9se, tov\\u00e1bb\\u00e1 kapcsolattart\\u00e1s a szerz\\u0151d\\u00e9s teljes\\u00edt\\u00e9se kapcs\\u00e1n.<br \\\/>2. Kezelt adatok k\\u00f6re<br \\\/>Mag\\u00e1nszem\\u00e9lyek eset\\u00e9ben a v\\u00e1s\\u00e1rl\\u00f3 neve, lakc\\u00edme, e-mail c\\u00edme, telefonsz\\u00e1ma; c\\u00e9gek eset\\u00e9ben ad\\u00f3sz\\u00e1m, sz\\u00e1ml\\u00e1z\\u00e1si c\\u00e9gn\\u00e9v, sz\\u00e1ml\\u00e1z\\u00e1si c\\u00edm (v\\u00e1ros, ir\\u00e1ny\\u00edt\\u00f3sz\\u00e1m, utca, h\\u00e1zsz\\u00e1m), sz\\u00e1ll\\u00edt\\u00e1si n\\u00e9v, sz\\u00e1ll\\u00edt\\u00e1si c\\u00e9gn\\u00e9v (nem k\\u00f6telez\\u0151), sz\\u00e1ll\\u00edt\\u00e1si c\\u00edm (v\\u00e1ros, ir\\u00e1ny\\u00edt\\u00f3sz\\u00e1m, utca, h\\u00e1zsz\\u00e1m), email c\\u00edm, megjegyz\\u00e9s (nem k\\u00f6telez\\u0151), egyedi v\\u00e1s\\u00e1rl\\u00e1si azonos\\u00edt\\u00f3, v\\u00e1s\\u00e1rl\\u00e1si inform\\u00e1ci\\u00f3k.<br \\\/>3. Adatkezel\\u00e9s jogalapja<br \\\/>A Szkarabeusz Kft. \\u00e1ltal m\\u0171k\\u00f6dtetett online oldalon t\\u00f6rt\\u00e9n\\u0151 rendel\\u00e9s szerz\\u0151d\\u00e9snek min\\u0151s\\u00fcl, az adatkezel\\u00e9s jogalapja a szerz\\u0151d\\u00e9s teljes\\u00edt\\u00e9se.<br \\\/>4. Adatok t\\u00e1rol\\u00e1s\\u00e1nak helye \\u00e9s id\\u0151tartama<br \\\/>Az adatok a Szkarabeusz Kft. telephely\\u00e9n m\\u0171k\\u00f6d\\u0151 szerveren ker\\u00fclnek t\\u00e1rol\\u00e1sra. A szem\\u00e9lyes adatok kezel\\u00e9s\\u00e9nek id\\u0151tartama: a regisztr\\u00e1ci\\u00f3 \\\/ szolg\\u00e1ltat\\u00e1s fenn\\u00e1ll\\u00e1s\\u00e1ig, vagy az \\u00e9rintett hozz\\u00e1j\\u00e1rul\\u00e1sa visszavon\\u00e1s\\u00e1ig (t\\u00f6rl\\u00e9si k\\u00e9relm\\u00e9ig), v\\u00e1s\\u00e1rl\\u00e1s eset\\u00e9n a v\\u00e1s\\u00e1rl\\u00e1s \\u00e9v\\u00e9t k\\u00f6vet\\u0151 5 \\u00e9vig.<br \\\/>5. Adatokhoz hozz\\u00e1f\\u00e9r\\u0151 szem\\u00e9lyek<br \\\/>A Szkarabeusz Kft. \\u00fcgyf\\u00e9lszolg\\u00e1lattal, marketing tev\\u00e9kenys\\u00e9g\\u00e9vel kapcsolatos feladatokat ell\\u00e1t\\u00f3 munkav\\u00e1llal\\u00f3i, adatfeldolgoz\\u00f3k\\u00e9nt dolgoz\\u00f3 munkat\\u00e1rsak, a T\\u00e1rsas\\u00e1g ad\\u00f3z\\u00e1si, k\\u00f6nyvviteli feladatait ell\\u00e1t\\u00f3 v\\u00e1llalkoz\\u00e1s munkav\\u00e1llal\\u00f3i, az ad\\u00f3 \\u00e9s sz\\u00e1mviteli k\\u00f6telezetts\\u00e9gek teljes\\u00edt\\u00e9se c\\u00e9lj\\u00e1b\\u00f3l, a T\\u00e1rsas\\u00e1g IT szolg\\u00e1ltat\\u00f3ja munkav\\u00e1llal\\u00f3i a t\\u00e1rhelyszolg\\u00e1ltat\\u00e1s teljes\\u00edt\\u00e9se c\\u00e9lj\\u00e1b\\u00f3l, a fut\\u00e1rszolg\\u00e1lat munkav\\u00e1llal\\u00f3i a sz\\u00e1ll\\u00edt\\u00e1si adatok (n\\u00e9v, c\\u00edm, telefonsz\\u00e1m) vonatkoz\\u00e1s\\u00e1ban.<br \\\/>6. Egy\\u00e9b adatkezel\\u00e9sek<br \\\/>Amennyiben az adatkezel\\u0151 szolg\\u00e1ltat\\u00e1saink ig\\u00e9nybev\\u00e9tele sor\\u00e1n k\\u00e9rd\\u00e9s mer\\u00fclne fel, esetleg probl\\u00e9m\\u00e1ja lenne az \\u00e9rintettnek, a honlapon megadott m\\u00f3dokon (telefon, email, postai \\u00faton) kapcsolatba l\\u00e9phet az adatkezel\\u0151vel.<br \\\/>Hat\\u00f3s\\u00e1gi megkeres\\u00e9sre, illet\\u0151leg jogszab\\u00e1ly felhatalmaz\\u00e1sa alapj\\u00e1n m\\u00e1s szervek megkeres\\u00e9se eset\\u00e9n a Szkarabeusz Kft. k\\u00f6teles t\\u00e1j\\u00e9koztat\\u00e1s ad\\u00e1s\\u00e1ra, adatok k\\u00f6zl\\u00e9s\\u00e9re, \\u00e1tad\\u00e1s\\u00e1ra, illet\\u0151leg iratok rendelkez\\u00e9sre bocs\\u00e1t\\u00e1s\\u00e1ra. A Szkarabeusz Kft. ezen esetekben a megkeres\\u0151 r\\u00e9sz\\u00e9re \\u2013 amennyiben az a pontos c\\u00e9lt \\u00e9s az adatok k\\u00f6r\\u00e9t megjel\\u00f6lte \\u2013 szem\\u00e9lyes adatot csak annyit \\u00e9s olyan m\\u00e9rt\\u00e9kben ad ki, amely a megkeres\\u00e9s c\\u00e9lj\\u00e1nak megval\\u00f3s\\u00edt\\u00e1s\\u00e1hoz elengedhetetlen\\u00fcl sz\\u00fcks\\u00e9ges.<br \\\/>A robban\\u00f3szer- \\u00e9s k\\u00e1b\\u00edt\\u00f3szer-prekurzorok v\\u00e1s\\u00e1rl\\u00e1sa eset\\u00e9ben az adatok t\\u00e1rol\\u00e1sa \\u00e9s hat\\u00f3s\\u00e1gnak val\\u00f3 \\u00e1tad\\u00e1sa k\\u00f6telez\\u0151.<\\\/p>\",\"typography_typography\":\"custom\",\"typography_font_weight\":\"500\",\"eael_tooltip_section_content\":\"I am a tooltip\",\"eael_ext_content_protection_password_placeholder\":\"Enter Password\",\"eael_ext_content_protection_password_submit_btn_txt\":\"Submit\",\"eael_ext_content_protection_password_incorrect_message\":\"Password does not match.\",\"eael_cl_logics\":[{\"_id\":\"bf4e2b3\"}]},\"elements\":[],\"widgetType\":\"text-editor\"}],\"isInner\":false}],\"isInner\":false}]"],"_elementor_page_assets":["a:0:{}"],"_eael_custom_js":[""],"_elementor_css":["a:6:{s:4:\"time\";i:1749265474;s:5:\"fonts\";a:0:{}s:5:\"icons\";a:0:{}s:20:\"dynamic_elements_ids\";a:0:{}s:6:\"status\";s:4:\"file\";i:0;s:0:\"\";}"]},"_links":{"self":[{"href":"https:\/\/szkarabeusz.code4flow.com\/de\/wp-json\/wp\/v2\/pages\/2580","targetHints":{"allow":["GET"]}}],"collection":[{"href":"https:\/\/szkarabeusz.code4flow.com\/de\/wp-json\/wp\/v2\/pages"}],"about":[{"href":"https:\/\/szkarabeusz.code4flow.com\/de\/wp-json\/wp\/v2\/types\/page"}],"author":[{"embeddable":true,"href":"https:\/\/szkarabeusz.code4flow.com\/de\/wp-json\/wp\/v2\/users\/1"}],"replies":[{"embeddable":true,"href":"https:\/\/szkarabeusz.code4flow.com\/de\/wp-json\/wp\/v2\/comments?post=2580"}],"version-history":[{"count":3,"href":"https:\/\/szkarabeusz.code4flow.com\/de\/wp-json\/wp\/v2\/pages\/2580\/revisions"}],"predecessor-version":[{"id":2583,"href":"https:\/\/szkarabeusz.code4flow.com\/de\/wp-json\/wp\/v2\/pages\/2580\/revisions\/2583"}],"wp:attachment":[{"href":"https:\/\/szkarabeusz.code4flow.com\/de\/wp-json\/wp\/v2\/media?parent=2580"}],"curies":[{"name":"wp","href":"https:\/\/api.w.org\/{rel}","templated":true}]}}