{"id":3428,"date":"2024-05-19T18:32:33","date_gmt":"2024-05-19T18:32:33","guid":{"rendered":"https:\/\/szkarabeusz.code4flow.com\/termek\/maradekkemenyseg-mero-teszter-0-03-nk\/"},"modified":"2024-08-14T19:26:48","modified_gmt":"2024-08-14T17:26:48","slug":"maradekkemenyseg-mero-teszter-0-03-nk","status":"publish","type":"product","link":"https:\/\/szkarabeusz.code4flow.com\/de\/product\/maradekkemenyseg-mero-teszter-0-03-nk\/","title":{"rendered":"Marad\u00e9kkem\u00e9nys\u00e9g m\u00e9r\u0151 teszter 0-0,3 nk"},"content":{"rendered":"<p class=\"cs95E872D0\"><span class=\"cs1B16EEB5\">Gy&aacute;rt&oacute;i sz&aacute;ll&iacute;t&aacute;si k&ouml;lts&eacute;g (15 &deg;C TO 30 &deg;C) 12000 Ft+&Aacute;fa<\/span><\/p>\n<p class=\"cs95E872D0\"><span class=\"cs1B16EEB5\">Sz&aacute;ll&iacute;t&aacute;si t&iacute;pusonk&eacute;nt a gy&aacute;rt&oacute; egyszer sz&aacute;molja fel, f&uuml;ggetlen&uuml;l a rendelt term&eacute;kek darabsz&aacute;m&aacute;t&oacute;l.<\/span><\/p>\n<p class=\"cs95E872D0\"><span class=\"cs1B16EEB5\">&nbsp;<\/span><\/p>","protected":false},"excerpt":{"rendered":"<p>Gy&aacute;rt&oacute;i sz&aacute;ll&iacute;t&aacute;si k&ouml;lts&eacute;g (15 &deg;C TO 30 &deg;C) 12000 Ft+&Aacute;fa Sz&aacute;ll&iacute;t&aacute;si t&iacute;pusonk&eacute;nt a gy&aacute;rt&oacute; egyszer sz&aacute;molja fel, f&uuml;ggetlen&uuml;l a rendelt&#8230;<\/p>","protected":false},"featured_media":10128,"comment_status":"open","ping_status":"closed","template":"","meta":{"_acf_changed":false},"product_cat":[71],"product_tag":[],"class_list":["post-3428","product","type-product","status-publish","has-post-thumbnail","hentry","product_cat-vizkezeles-medence-vegyszerek"],"group_of_quantity":0,"min_quantity":0,"max_quantity":"","exclude_order_quantity_value_rules":"no","exclude_category_quantity_rules":"no","combine_variations":"no","acf":[],"_links":{"self":[{"href":"https:\/\/szkarabeusz.code4flow.com\/de\/wp-json\/wp\/v2\/product\/3428","targetHints":{"allow":["GET"]}}],"collection":[{"href":"https:\/\/szkarabeusz.code4flow.com\/de\/wp-json\/wp\/v2\/product"}],"about":[{"href":"https:\/\/szkarabeusz.code4flow.com\/de\/wp-json\/wp\/v2\/types\/product"}],"replies":[{"embeddable":true,"href":"https:\/\/szkarabeusz.code4flow.com\/de\/wp-json\/wp\/v2\/comments?post=3428"}],"wp:featuredmedia":[{"embeddable":true,"href":"https:\/\/szkarabeusz.code4flow.com\/de\/wp-json\/wp\/v2\/media\/10128"}],"wp:attachment":[{"href":"https:\/\/szkarabeusz.code4flow.com\/de\/wp-json\/wp\/v2\/media?parent=3428"}],"wp:term":[{"taxonomy":"product_cat","embeddable":true,"href":"https:\/\/szkarabeusz.code4flow.com\/de\/wp-json\/wp\/v2\/product_cat?post=3428"},{"taxonomy":"product_tag","embeddable":true,"href":"https:\/\/szkarabeusz.code4flow.com\/de\/wp-json\/wp\/v2\/product_tag?post=3428"}],"curies":[{"name":"wp","href":"https:\/\/api.w.org\/{rel}","templated":true}]}}