{"id":3562,"date":"2024-05-19T18:38:30","date_gmt":"2024-05-19T18:38:30","guid":{"rendered":"https:\/\/szkarabeusz.code4flow.com\/termek\/buchner-tolcser-pp-70-mm\/"},"modified":"2024-12-27T17:24:10","modified_gmt":"2024-12-27T15:24:10","slug":"buchner-tolcser-pp-70-mm","status":"publish","type":"product","link":"https:\/\/szkarabeusz.code4flow.com\/de\/product\/buchner-tolcser-pp-70-mm\/","title":{"rendered":"B\u00fcchner t\u00f6lcs\u00e9r  PP 70 mm"},"content":{"rendered":"","protected":false},"excerpt":{"rendered":"","protected":false},"featured_media":10168,"comment_status":"open","ping_status":"closed","template":"","meta":{"_acf_changed":false},"product_cat":[64],"product_tag":[],"class_list":["post-3562","product","type-product","status-publish","has-post-thumbnail","hentry","product_cat-laboratoriumi-eszkoz"],"group_of_quantity":0,"min_quantity":0,"max_quantity":"","exclude_order_quantity_value_rules":"no","exclude_category_quantity_rules":"no","combine_variations":"no","acf":[],"_links":{"self":[{"href":"https:\/\/szkarabeusz.code4flow.com\/de\/wp-json\/wp\/v2\/product\/3562","targetHints":{"allow":["GET"]}}],"collection":[{"href":"https:\/\/szkarabeusz.code4flow.com\/de\/wp-json\/wp\/v2\/product"}],"about":[{"href":"https:\/\/szkarabeusz.code4flow.com\/de\/wp-json\/wp\/v2\/types\/product"}],"replies":[{"embeddable":true,"href":"https:\/\/szkarabeusz.code4flow.com\/de\/wp-json\/wp\/v2\/comments?post=3562"}],"wp:featuredmedia":[{"embeddable":true,"href":"https:\/\/szkarabeusz.code4flow.com\/de\/wp-json\/wp\/v2\/media\/10168"}],"wp:attachment":[{"href":"https:\/\/szkarabeusz.code4flow.com\/de\/wp-json\/wp\/v2\/media?parent=3562"}],"wp:term":[{"taxonomy":"product_cat","embeddable":true,"href":"https:\/\/szkarabeusz.code4flow.com\/de\/wp-json\/wp\/v2\/product_cat?post=3562"},{"taxonomy":"product_tag","embeddable":true,"href":"https:\/\/szkarabeusz.code4flow.com\/de\/wp-json\/wp\/v2\/product_tag?post=3562"}],"curies":[{"name":"wp","href":"https:\/\/api.w.org\/{rel}","templated":true}]}}