{"id":3583,"date":"2024-05-19T18:39:25","date_gmt":"2024-05-19T18:39:25","guid":{"rendered":"https:\/\/szkarabeusz.code4flow.com\/termek\/burettafogo-1-ferohelyes-dio-nelkul-nikkelezett\/"},"modified":"2025-04-06T10:12:07","modified_gmt":"2025-04-06T08:12:07","slug":"burettafogo-1-ferohelyes-dio-nelkul-nikkelezett","status":"publish","type":"product","link":"https:\/\/szkarabeusz.code4flow.com\/de\/product\/burettafogo-1-ferohelyes-dio-nelkul-nikkelezett\/","title":{"rendered":"B\u00fcrettafog\u00f3 1 f\u00e9r\u0151helyes di\u00f3 n\u00e9lk\u00fcl nikkelezett"},"content":{"rendered":"","protected":false},"excerpt":{"rendered":"","protected":false},"featured_media":10185,"comment_status":"open","ping_status":"closed","template":"","meta":{"_acf_changed":false},"product_cat":[64],"product_tag":[],"class_list":["post-3583","product","type-product","status-publish","has-post-thumbnail","hentry","product_cat-laboratoriumi-eszkoz"],"group_of_quantity":0,"min_quantity":0,"max_quantity":"","exclude_order_quantity_value_rules":"no","exclude_category_quantity_rules":"no","combine_variations":"no","acf":[],"_links":{"self":[{"href":"https:\/\/szkarabeusz.code4flow.com\/de\/wp-json\/wp\/v2\/product\/3583","targetHints":{"allow":["GET"]}}],"collection":[{"href":"https:\/\/szkarabeusz.code4flow.com\/de\/wp-json\/wp\/v2\/product"}],"about":[{"href":"https:\/\/szkarabeusz.code4flow.com\/de\/wp-json\/wp\/v2\/types\/product"}],"replies":[{"embeddable":true,"href":"https:\/\/szkarabeusz.code4flow.com\/de\/wp-json\/wp\/v2\/comments?post=3583"}],"wp:featuredmedia":[{"embeddable":true,"href":"https:\/\/szkarabeusz.code4flow.com\/de\/wp-json\/wp\/v2\/media\/10185"}],"wp:attachment":[{"href":"https:\/\/szkarabeusz.code4flow.com\/de\/wp-json\/wp\/v2\/media?parent=3583"}],"wp:term":[{"taxonomy":"product_cat","embeddable":true,"href":"https:\/\/szkarabeusz.code4flow.com\/de\/wp-json\/wp\/v2\/product_cat?post=3583"},{"taxonomy":"product_tag","embeddable":true,"href":"https:\/\/szkarabeusz.code4flow.com\/de\/wp-json\/wp\/v2\/product_tag?post=3583"}],"curies":[{"name":"wp","href":"https:\/\/api.w.org\/{rel}","templated":true}]}}