{"id":3665,"date":"2024-05-19T18:43:30","date_gmt":"2024-05-19T18:43:30","guid":{"rendered":"https:\/\/szkarabeusz.code4flow.com\/termek\/dewan-50-merocsik-50-db-csomag\/"},"modified":"2025-03-06T12:49:17","modified_gmt":"2025-03-06T10:49:17","slug":"dewan-50-merocsik-50-db-csomag","status":"publish","type":"product","link":"https:\/\/szkarabeusz.code4flow.com\/de\/product\/dewan-50-merocsik-50-db-csomag\/","title":{"rendered":"Dewan\/Dewasil 0-200 ppm m\u00e9r\u0151cs\u00edk 50 db\/csomag"},"content":{"rendered":"","protected":false},"excerpt":{"rendered":"","protected":false},"featured_media":10052,"comment_status":"open","ping_status":"closed","template":"","meta":{"_acf_changed":false},"product_cat":[],"product_tag":[],"class_list":["post-3665","product","type-product","status-publish","has-post-thumbnail","hentry"],"group_of_quantity":0,"min_quantity":0,"max_quantity":"","exclude_order_quantity_value_rules":"no","exclude_category_quantity_rules":"no","combine_variations":"no","acf":[],"_links":{"self":[{"href":"https:\/\/szkarabeusz.code4flow.com\/de\/wp-json\/wp\/v2\/product\/3665","targetHints":{"allow":["GET"]}}],"collection":[{"href":"https:\/\/szkarabeusz.code4flow.com\/de\/wp-json\/wp\/v2\/product"}],"about":[{"href":"https:\/\/szkarabeusz.code4flow.com\/de\/wp-json\/wp\/v2\/types\/product"}],"replies":[{"embeddable":true,"href":"https:\/\/szkarabeusz.code4flow.com\/de\/wp-json\/wp\/v2\/comments?post=3665"}],"wp:featuredmedia":[{"embeddable":true,"href":"https:\/\/szkarabeusz.code4flow.com\/de\/wp-json\/wp\/v2\/media\/10052"}],"wp:attachment":[{"href":"https:\/\/szkarabeusz.code4flow.com\/de\/wp-json\/wp\/v2\/media?parent=3665"}],"wp:term":[{"taxonomy":"product_cat","embeddable":true,"href":"https:\/\/szkarabeusz.code4flow.com\/de\/wp-json\/wp\/v2\/product_cat?post=3665"},{"taxonomy":"product_tag","embeddable":true,"href":"https:\/\/szkarabeusz.code4flow.com\/de\/wp-json\/wp\/v2\/product_tag?post=3665"}],"curies":[{"name":"wp","href":"https:\/\/api.w.org\/{rel}","templated":true}]}}