{"id":3670,"date":"2024-05-19T18:43:31","date_gmt":"2024-05-19T18:43:31","guid":{"rendered":"https:\/\/szkarabeusz.code4flow.com\/termek\/dewasil-20-kg-gongyolegdijas-termek\/"},"modified":"2024-12-07T13:29:05","modified_gmt":"2024-12-07T11:29:05","slug":"dewasil-20-kg-gongyolegdijas-termek","status":"publish","type":"product","link":"https:\/\/szkarabeusz.code4flow.com\/de\/product\/dewasil-20-kg-gongyolegdijas-termek\/","title":{"rendered":"Dewasil 20 kg (g\u00f6ngy\u00f6legd\u00edjas term\u00e9k)"},"content":{"rendered":"","protected":false},"excerpt":{"rendered":"","protected":false},"featured_media":10056,"comment_status":"open","ping_status":"closed","template":"","meta":{"_acf_changed":false},"product_cat":[71],"product_tag":[],"class_list":["post-3670","product","type-product","status-publish","has-post-thumbnail","hentry","product_cat-vizkezeles-medence-vegyszerek"],"group_of_quantity":0,"min_quantity":0,"max_quantity":"","exclude_order_quantity_value_rules":"no","exclude_category_quantity_rules":"no","combine_variations":"no","acf":[],"_links":{"self":[{"href":"https:\/\/szkarabeusz.code4flow.com\/de\/wp-json\/wp\/v2\/product\/3670","targetHints":{"allow":["GET"]}}],"collection":[{"href":"https:\/\/szkarabeusz.code4flow.com\/de\/wp-json\/wp\/v2\/product"}],"about":[{"href":"https:\/\/szkarabeusz.code4flow.com\/de\/wp-json\/wp\/v2\/types\/product"}],"replies":[{"embeddable":true,"href":"https:\/\/szkarabeusz.code4flow.com\/de\/wp-json\/wp\/v2\/comments?post=3670"}],"wp:featuredmedia":[{"embeddable":true,"href":"https:\/\/szkarabeusz.code4flow.com\/de\/wp-json\/wp\/v2\/media\/10056"}],"wp:attachment":[{"href":"https:\/\/szkarabeusz.code4flow.com\/de\/wp-json\/wp\/v2\/media?parent=3670"}],"wp:term":[{"taxonomy":"product_cat","embeddable":true,"href":"https:\/\/szkarabeusz.code4flow.com\/de\/wp-json\/wp\/v2\/product_cat?post=3670"},{"taxonomy":"product_tag","embeddable":true,"href":"https:\/\/szkarabeusz.code4flow.com\/de\/wp-json\/wp\/v2\/product_tag?post=3670"}],"curies":[{"name":"wp","href":"https:\/\/api.w.org\/{rel}","templated":true}]}}