{"id":3681,"date":"2024-05-19T18:44:08","date_gmt":"2024-05-19T18:44:08","guid":{"rendered":"https:\/\/szkarabeusz.code4flow.com\/termek\/digitalis-homero-40-200oc-125-mm\/"},"modified":"2025-01-26T10:38:08","modified_gmt":"2025-01-26T08:38:08","slug":"digitalis-homero-40-200oc-125-mm","status":"publish","type":"product","link":"https:\/\/szkarabeusz.code4flow.com\/de\/product\/digitalis-homero-40-200oc-125-mm\/","title":{"rendered":"Digit\u00e1lis h\u0151m\u00e9r\u0151 -40 &#8230; +200\u00baC 125 mm"},"content":{"rendered":"","protected":false},"excerpt":{"rendered":"","protected":false},"featured_media":10067,"comment_status":"open","ping_status":"closed","template":"","meta":{"_acf_changed":false},"product_cat":[65],"product_tag":[],"class_list":["post-3681","product","type-product","status-publish","has-post-thumbnail","hentry","product_cat-laboratoriumi-muszer"],"group_of_quantity":0,"min_quantity":0,"max_quantity":"","exclude_order_quantity_value_rules":"no","exclude_category_quantity_rules":"no","combine_variations":"no","acf":[],"_links":{"self":[{"href":"https:\/\/szkarabeusz.code4flow.com\/de\/wp-json\/wp\/v2\/product\/3681","targetHints":{"allow":["GET"]}}],"collection":[{"href":"https:\/\/szkarabeusz.code4flow.com\/de\/wp-json\/wp\/v2\/product"}],"about":[{"href":"https:\/\/szkarabeusz.code4flow.com\/de\/wp-json\/wp\/v2\/types\/product"}],"replies":[{"embeddable":true,"href":"https:\/\/szkarabeusz.code4flow.com\/de\/wp-json\/wp\/v2\/comments?post=3681"}],"wp:featuredmedia":[{"embeddable":true,"href":"https:\/\/szkarabeusz.code4flow.com\/de\/wp-json\/wp\/v2\/media\/10067"}],"wp:attachment":[{"href":"https:\/\/szkarabeusz.code4flow.com\/de\/wp-json\/wp\/v2\/media?parent=3681"}],"wp:term":[{"taxonomy":"product_cat","embeddable":true,"href":"https:\/\/szkarabeusz.code4flow.com\/de\/wp-json\/wp\/v2\/product_cat?post=3681"},{"taxonomy":"product_tag","embeddable":true,"href":"https:\/\/szkarabeusz.code4flow.com\/de\/wp-json\/wp\/v2\/product_tag?post=3681"}],"curies":[{"name":"wp","href":"https:\/\/api.w.org\/{rel}","templated":true}]}}