{"id":3700,"date":"2024-05-19T18:44:55","date_gmt":"2024-05-19T18:44:55","guid":{"rendered":"https:\/\/szkarabeusz.code4flow.com\/termek\/dinax-minusz-p-25kg-os-ph-csokkento\/"},"modified":"2024-09-11T13:01:44","modified_gmt":"2024-09-11T11:01:44","slug":"dinax-minusz-p-25kg-os-ph-csokkento","status":"publish","type":"product","link":"https:\/\/szkarabeusz.code4flow.com\/de\/product\/dinax-minusz-p-25kg-os-ph-csokkento\/","title":{"rendered":"Dinax M\u00ednusz P 25kg-os (pH cs\u00f6kkent\u0151)"},"content":{"rendered":"","protected":false},"excerpt":{"rendered":"","protected":false},"featured_media":10061,"comment_status":"open","ping_status":"closed","template":"","meta":{"_acf_changed":false},"product_cat":[71],"product_tag":[],"class_list":["post-3700","product","type-product","status-publish","has-post-thumbnail","hentry","product_cat-vizkezeles-medence-vegyszerek"],"group_of_quantity":0,"min_quantity":0,"max_quantity":"","exclude_order_quantity_value_rules":"no","exclude_category_quantity_rules":"no","combine_variations":"no","acf":[],"_links":{"self":[{"href":"https:\/\/szkarabeusz.code4flow.com\/de\/wp-json\/wp\/v2\/product\/3700","targetHints":{"allow":["GET"]}}],"collection":[{"href":"https:\/\/szkarabeusz.code4flow.com\/de\/wp-json\/wp\/v2\/product"}],"about":[{"href":"https:\/\/szkarabeusz.code4flow.com\/de\/wp-json\/wp\/v2\/types\/product"}],"replies":[{"embeddable":true,"href":"https:\/\/szkarabeusz.code4flow.com\/de\/wp-json\/wp\/v2\/comments?post=3700"}],"wp:featuredmedia":[{"embeddable":true,"href":"https:\/\/szkarabeusz.code4flow.com\/de\/wp-json\/wp\/v2\/media\/10061"}],"wp:attachment":[{"href":"https:\/\/szkarabeusz.code4flow.com\/de\/wp-json\/wp\/v2\/media?parent=3700"}],"wp:term":[{"taxonomy":"product_cat","embeddable":true,"href":"https:\/\/szkarabeusz.code4flow.com\/de\/wp-json\/wp\/v2\/product_cat?post=3700"},{"taxonomy":"product_tag","embeddable":true,"href":"https:\/\/szkarabeusz.code4flow.com\/de\/wp-json\/wp\/v2\/product_tag?post=3700"}],"curies":[{"name":"wp","href":"https:\/\/api.w.org\/{rel}","templated":true}]}}