{"id":3716,"date":"2024-05-19T18:45:40","date_gmt":"2024-05-19T18:45:40","guid":{"rendered":"https:\/\/szkarabeusz.code4flow.com\/termek\/dorzstal-torovel-mazatlan-75mm\/"},"modified":"2024-12-28T14:21:11","modified_gmt":"2024-12-28T12:21:11","slug":"dorzstal-torovel-mazatlan-75mm","status":"publish","type":"product","link":"https:\/\/szkarabeusz.code4flow.com\/de\/product\/dorzstal-torovel-mazatlan-75mm\/","title":{"rendered":"D\u00f6rzst\u00e1l t\u00f6r\u0151vel m\u00e1zatlan 75mm"},"content":{"rendered":"","protected":false},"excerpt":{"rendered":"","protected":false},"featured_media":10212,"comment_status":"open","ping_status":"closed","template":"","meta":{"_acf_changed":false},"product_cat":[64],"product_tag":[],"class_list":["post-3716","product","type-product","status-publish","has-post-thumbnail","hentry","product_cat-laboratoriumi-eszkoz"],"group_of_quantity":0,"min_quantity":0,"max_quantity":"","exclude_order_quantity_value_rules":"no","exclude_category_quantity_rules":"no","combine_variations":"no","acf":[],"_links":{"self":[{"href":"https:\/\/szkarabeusz.code4flow.com\/de\/wp-json\/wp\/v2\/product\/3716","targetHints":{"allow":["GET"]}}],"collection":[{"href":"https:\/\/szkarabeusz.code4flow.com\/de\/wp-json\/wp\/v2\/product"}],"about":[{"href":"https:\/\/szkarabeusz.code4flow.com\/de\/wp-json\/wp\/v2\/types\/product"}],"replies":[{"embeddable":true,"href":"https:\/\/szkarabeusz.code4flow.com\/de\/wp-json\/wp\/v2\/comments?post=3716"}],"wp:featuredmedia":[{"embeddable":true,"href":"https:\/\/szkarabeusz.code4flow.com\/de\/wp-json\/wp\/v2\/media\/10212"}],"wp:attachment":[{"href":"https:\/\/szkarabeusz.code4flow.com\/de\/wp-json\/wp\/v2\/media?parent=3716"}],"wp:term":[{"taxonomy":"product_cat","embeddable":true,"href":"https:\/\/szkarabeusz.code4flow.com\/de\/wp-json\/wp\/v2\/product_cat?post=3716"},{"taxonomy":"product_tag","embeddable":true,"href":"https:\/\/szkarabeusz.code4flow.com\/de\/wp-json\/wp\/v2\/product_tag?post=3716"}],"curies":[{"name":"wp","href":"https:\/\/api.w.org\/{rel}","templated":true}]}}