{"id":4179,"date":"2024-05-21T08:52:50","date_gmt":"2024-05-21T08:52:50","guid":{"rendered":"https:\/\/szkarabeusz.code4flow.com\/termek\/kalcium-karbonat-meszko-darabos-500g\/"},"modified":"2025-05-26T10:32:20","modified_gmt":"2025-05-26T08:32:20","slug":"kalcium-karbonat-meszko-darabos-500g","status":"publish","type":"product","link":"https:\/\/szkarabeusz.code4flow.com\/de\/product\/kalcium-karbonat-meszko-darabos-500g\/","title":{"rendered":"Kalcium-karbon\u00e1t (m\u00e9szk\u0151 darabos) 500g"},"content":{"rendered":"","protected":false},"excerpt":{"rendered":"","protected":false},"featured_media":9670,"comment_status":"open","ping_status":"closed","template":"","meta":{"_acf_changed":false},"product_cat":[15],"product_tag":[],"class_list":["post-4179","product","type-product","status-publish","has-post-thumbnail","hentry","product_cat-finomvegyszer"],"group_of_quantity":0,"min_quantity":0,"max_quantity":"","exclude_order_quantity_value_rules":"no","exclude_category_quantity_rules":"no","combine_variations":"no","acf":[],"_links":{"self":[{"href":"https:\/\/szkarabeusz.code4flow.com\/de\/wp-json\/wp\/v2\/product\/4179","targetHints":{"allow":["GET"]}}],"collection":[{"href":"https:\/\/szkarabeusz.code4flow.com\/de\/wp-json\/wp\/v2\/product"}],"about":[{"href":"https:\/\/szkarabeusz.code4flow.com\/de\/wp-json\/wp\/v2\/types\/product"}],"replies":[{"embeddable":true,"href":"https:\/\/szkarabeusz.code4flow.com\/de\/wp-json\/wp\/v2\/comments?post=4179"}],"wp:featuredmedia":[{"embeddable":true,"href":"https:\/\/szkarabeusz.code4flow.com\/de\/wp-json\/wp\/v2\/media\/9670"}],"wp:attachment":[{"href":"https:\/\/szkarabeusz.code4flow.com\/de\/wp-json\/wp\/v2\/media?parent=4179"}],"wp:term":[{"taxonomy":"product_cat","embeddable":true,"href":"https:\/\/szkarabeusz.code4flow.com\/de\/wp-json\/wp\/v2\/product_cat?post=4179"},{"taxonomy":"product_tag","embeddable":true,"href":"https:\/\/szkarabeusz.code4flow.com\/de\/wp-json\/wp\/v2\/product_tag?post=4179"}],"curies":[{"name":"wp","href":"https:\/\/api.w.org\/{rel}","templated":true}]}}