{"id":4318,"date":"2024-05-21T08:54:27","date_gmt":"2024-05-21T08:54:27","guid":{"rendered":"https:\/\/szkarabeusz.code4flow.com\/termek\/multitab-multifunkcios-klortabletta-un2468adr-5-1ii-5x200-g\/"},"modified":"2025-05-26T11:03:14","modified_gmt":"2025-05-26T09:03:14","slug":"multitab-multifunkcios-klortabletta-un2468adr-5-1ii-5x200-g","status":"publish","type":"product","link":"https:\/\/szkarabeusz.code4flow.com\/de\/product\/multitab-multifunkcios-klortabletta-un2468adr-5-1ii-5x200-g\/","title":{"rendered":"Multitab multifunkci\u00f3s kl\u00f3rtabletta (UN2468;ADR 5.1,II) 5&#215;200 g"},"content":{"rendered":"<p class=\"cs95E872D0\"><span class=\"cs72F7C9C5\">&Ouml;sszetev\u0151k:<\/span><span class=\"cs9D249CCB\"> &nbsp;biocid hat&oacute;anyag : 93 % trikl&oacute;rizocian&uacute;rsav (CAS 87-91-1 ), 1,5 % r&eacute;z-szulf&aacute;t pentahidr&aacute;t ( CAS 7758-99-8 ), egy&eacute;b &ouml;sszetev\u0151 : 4,8 % alum&iacute;nium-szulf&aacute;t ( CAS 10043-01-3 )<\/span><\/p>\n<p class=\"cs95E872D0\"><span class=\"cs72F7C9C5\">Term&eacute;kt&iacute;pus:<\/span><span class=\"cs9D249CCB\"> <\/span><span class=\"cs72F7C9C5\">PT2<\/span><span class=\"cs9D249CCB\"> Lakoss&aacute;gi &eacute;s professzion&aacute;lis felhaszn&aacute;l&oacute;k sz&aacute;m&aacute;ra<\/span><\/p>\n<p class=\"cs95E872D0\"><span class=\"cs72F7C9C5\">Antimikrobi&aacute;lis spektrum:<\/span><span class=\"cs9D249CCB\"> baktericid, algicid<\/span><\/p>\n<p class=\"cs80D9435B\"><span class=\"cs72F7C9C5\">Adagol&aacute;s: <\/span><span class=\"cs9D249CCB\">&Aacute;tlagos haszn&aacute;lat eset&eacute;n 20 m<\/span><span class=\"cs9D249CCB\"><sup>3 <\/sup><\/span><span class=\"cs9D249CCB\">v&iacute;zhez 1 db 200 grammos tablett&aacute;t kell adni 1-2 hetente. &nbsp;Folyamatos adagol&aacute;sn&aacute;l a v&iacute;z akt&iacute;v kl&oacute;r koncentr&aacute;ci&oacute;ja &nbsp;0,4-0,8 mg\/l k&ouml;z&ouml;tt optim&aacute;lis. Megemelkedett h\u0151m&eacute;rs&eacute;klet, nagyobb terhel&eacute;s eset&eacute;n az adagolt mennyis&eacute;get n&ouml;velni kell. &nbsp;A multifunkci&oacute;s tabletta a v&iacute;z 7,4 pH &eacute;rt&eacute;k&eacute;n&eacute;l fejti ki legjobban a hat&aacute;s&aacute;t.<\/span><\/p>\n<p class=\"cs80D9435B\"><span class=\"cs72F7C9C5\">T&aacute;rol&aacute;s:<\/span><span class=\"cs9D249CCB\"> Sz&aacute;raz, h\u0171v&ouml;s helyen, h\u0151t\u0151l, f&eacute;nyt\u0151l, &eacute;s nedvess&eacute;gt\u0151l v&eacute;dve, eredeti csomagol&aacute;sban, elz&aacute;rva.<\/span><\/p>\n<p class=\"cs80D9435B\"><span class=\"csB33D1EA0\">Figyelmeztet\u0151 H mondatok: H 272<\/span><span class=\"csC270B927\"> Fokozhatja &nbsp;a t\u0171z intenzit&aacute;s&aacute;t, oxid&aacute;l&oacute; hat&aacute;s&uacute;. <\/span><span class=\"csB33D1EA0\">H 302<\/span><span class=\"csC270B927\"> Lenyelve &aacute;rtalmas. <\/span><span class=\"csB33D1EA0\">H 318<\/span><span class=\"csC270B927\"> S&uacute;lyos szemk&aacute;rosod&aacute;st okoz. <\/span><span class=\"csB33D1EA0\">H 335<\/span><span class=\"csC270B927\"> L&eacute;g&uacute;ti irrit&aacute;ci&oacute;t okozhat. <\/span><span class=\"csB33D1EA0\">H 410<\/span><span class=\"csC270B927\"> Nagyon m&eacute;rgez\u0151 a v&iacute;zi &eacute;l\u0151vil&aacute;gra, hosszan tart&oacute; k&aacute;rosod&aacute;st okoz. <\/span><span class=\"csB33D1EA0\">EUH031 <\/span><span class=\"csC270B927\">Savval &eacute;rintkezve m&eacute;rgez\u0151 g&aacute;zok k&eacute;pz\u0151dnek.<\/span><\/p>\n<p class=\"cs80D9435B\"><span class=\"csB33D1EA0\">&Oacute;vint&eacute;zked&eacute;sre vonatkoz&oacute; P mondatok: P 201<\/span><span class=\"csC270B927\"> H\u0151t\u0151l, szikr&aacute;t&oacute;l, ny&iacute;lt l&aacute;ngt&oacute;l, t\u0171zt\u0151l, forr&oacute; fel&uuml;letekt\u0151l t&aacute;vol tartand&oacute;. Tilos a doh&aacute;nyz&aacute;s. <\/span><span class=\"csB33D1EA0\">P 261<\/span><span class=\"csC270B927\"> Ker&uuml;lje a por, f&uuml;st, g\u0151z&ouml;k, permet bel&eacute;legz&eacute;s&eacute;t. <\/span><span class=\"csB33D1EA0\">P 273<\/span><span class=\"csC270B927\"> Ker&uuml;lni kell az anyag k&ouml;rnyezetbe val&oacute; kijut&aacute;s&aacute;t. <\/span><span class=\"csB33D1EA0\">P 280<\/span><span class=\"csC270B927\"> V&eacute;d\u0151keszty\u0171, v&eacute;d\u0151ruha, szemv&eacute;d\u0151, arcv&eacute;d\u0151 haszn&aacute;lata k&ouml;telez\u0151.<\/span><\/p>\n<p class=\"cs80D9435B\"><span class=\"csB33D1EA0\">Els\u0151seg&eacute;lyny&uacute;jt&aacute;s:<\/span><span class=\"csC270B927\"> A m&eacute;rgez&eacute;si t&uuml;netek sok esetben csak &oacute;r&aacute;k m&uacute;lva jelentkeznek, ez&eacute;rt orvosi megfigyel&eacute;s sz&uuml;ks&eacute;ges a balesetet k&ouml;vet\u0151 legal&aacute;bb 48 &oacute;r&aacute;n kereszt&uuml;l. <\/span><span class=\"cs61BB0B16\">Lenyel&eacute;s eset&eacute;n:<\/span><span class=\"csC270B927\"> Rosszull&eacute;t eset&eacute;n azonnal forduljon a Toxikol&oacute;giai K&ouml;zponthoz vagy orvoshoz. A s&eacute;r&uuml;ltet h&aacute;nytatni tilos. <\/span><span class=\"cs61BB0B16\">Szembe ker&uuml;l&eacute;s eset&eacute;n:<\/span><span class=\"csC270B927\"> T&ouml;bb percig tart&oacute; &oacute;vatos &ouml;bl&iacute;t&eacute;s v&iacute;zzel, kontaktlencs&eacute;k elt&aacute;vol&iacute;t&aacute;sa. <\/span><span class=\"cs61BB0B16\">B\u0151rrel &eacute;rintkezve:<\/span><span class=\"csC270B927\"> A szennyez\u0151d&ouml;tt ruh&aacute;zatot el kell t&aacute;vol&iacute;tani, a b\u0151rfel&uuml;letet b\u0151 v&iacute;zzel le kell mosni. <\/span><span class=\"cs61BB0B16\">Bel&eacute;legezve:<\/span><span class=\"csC270B927\"> A s&eacute;r&uuml;ltet friss leveg\u0151re kell vinni. <\/span><\/p>\n<p class=\"cs80D9435B\"><span class=\"csB33D1EA0\">Hullad&eacute;kkezel&eacute;s: <\/span><span class=\"csC270B927\">A term&eacute;k marad&eacute;k&aacute;t &eacute;s a szennyezett g&ouml;ngy&ouml;leget tilos a h&aacute;ztart&aacute;si szem&eacute;ttel egy&uuml;tt gy\u0171jteni, vesz&eacute;lyes hullad&eacute;kk&eacute;nt kell kezelni &eacute;s &aacute;rtalmatlan&iacute;tani.<\/span><\/p>\n<p class=\"cs80D9435B\"><span class=\"csB33D1EA0\">K&ouml;rnyezeti vesz&eacute;ly:<\/span><span class=\"csC270B927\"> Tilos &eacute;l\u0151v&iacute;zbe engedni, nagyon m&eacute;rgez\u0151 a v&iacute;zi &eacute;l\u0151vil&aacute;gra.<\/span><\/p>\n<p class=\"cs95E872D0\"><span class=\"cs1B16EEB5\">&nbsp;<\/span><\/p>","protected":false},"excerpt":{"rendered":"<p>&Ouml;sszetev\u0151k: &nbsp;biocid hat&oacute;anyag : 93 % trikl&oacute;rizocian&uacute;rsav (CAS 87-91-1 ), 1,5 % r&eacute;z-szulf&aacute;t pentahidr&aacute;t ( CAS 7758-99-8 ), egy&eacute;b &ouml;sszetev\u0151&#8230;<\/p>","protected":false},"featured_media":10562,"comment_status":"open","ping_status":"closed","template":"","meta":{"_acf_changed":false},"product_cat":[71],"product_tag":[],"class_list":["post-4318","product","type-product","status-publish","has-post-thumbnail","hentry","product_cat-vizkezeles-medence-vegyszerek"],"group_of_quantity":0,"min_quantity":0,"max_quantity":"","exclude_order_quantity_value_rules":"no","exclude_category_quantity_rules":"no","combine_variations":"no","acf":[],"_links":{"self":[{"href":"https:\/\/szkarabeusz.code4flow.com\/de\/wp-json\/wp\/v2\/product\/4318","targetHints":{"allow":["GET"]}}],"collection":[{"href":"https:\/\/szkarabeusz.code4flow.com\/de\/wp-json\/wp\/v2\/product"}],"about":[{"href":"https:\/\/szkarabeusz.code4flow.com\/de\/wp-json\/wp\/v2\/types\/product"}],"replies":[{"embeddable":true,"href":"https:\/\/szkarabeusz.code4flow.com\/de\/wp-json\/wp\/v2\/comments?post=4318"}],"wp:featuredmedia":[{"embeddable":true,"href":"https:\/\/szkarabeusz.code4flow.com\/de\/wp-json\/wp\/v2\/media\/10562"}],"wp:attachment":[{"href":"https:\/\/szkarabeusz.code4flow.com\/de\/wp-json\/wp\/v2\/media?parent=4318"}],"wp:term":[{"taxonomy":"product_cat","embeddable":true,"href":"https:\/\/szkarabeusz.code4flow.com\/de\/wp-json\/wp\/v2\/product_cat?post=4318"},{"taxonomy":"product_tag","embeddable":true,"href":"https:\/\/szkarabeusz.code4flow.com\/de\/wp-json\/wp\/v2\/product_tag?post=4318"}],"curies":[{"name":"wp","href":"https:\/\/api.w.org\/{rel}","templated":true}]}}