{"id":4327,"date":"2024-05-21T08:54:38","date_gmt":"2024-05-21T08:54:38","guid":{"rendered":"https:\/\/szkarabeusz.code4flow.com\/termek\/kontenerszarito-cacl2-1000-g-rendelesi-egyseg-20-db-doboz\/"},"modified":"2025-05-11T09:53:38","modified_gmt":"2025-05-11T07:53:38","slug":"kontenerszarito-cacl2-1000-g-rendelesi-egyseg-20-db-doboz","status":"publish","type":"product","link":"https:\/\/szkarabeusz.code4flow.com\/de\/product\/kontenerszarito-cacl2-1000-g-rendelesi-egyseg-20-db-doboz\/","title":{"rendered":"Kont\u00e9nersz\u00e1r\u00edt\u00f3 (CaCl2) 1000 g (rendel\u00e9si egys\u00e9g 20 db\/doboz)"},"content":{"rendered":"<p class=\"cs95E872D0\"><span class=\"cs1B16EEB5\">&nbsp;<\/span><\/p>","protected":false},"excerpt":{"rendered":"<p>&nbsp;<\/p>","protected":false},"featured_media":9331,"comment_status":"open","ping_status":"closed","template":"","meta":{"_acf_changed":false},"product_cat":[70],"product_tag":[],"class_list":["post-4327","product","type-product","status-publish","has-post-thumbnail","hentry","product_cat-szilikagel-termekek"],"group_of_quantity":0,"min_quantity":20,"max_quantity":"","exclude_order_quantity_value_rules":"no","exclude_category_quantity_rules":"no","combine_variations":"no","acf":[],"_links":{"self":[{"href":"https:\/\/szkarabeusz.code4flow.com\/de\/wp-json\/wp\/v2\/product\/4327","targetHints":{"allow":["GET"]}}],"collection":[{"href":"https:\/\/szkarabeusz.code4flow.com\/de\/wp-json\/wp\/v2\/product"}],"about":[{"href":"https:\/\/szkarabeusz.code4flow.com\/de\/wp-json\/wp\/v2\/types\/product"}],"replies":[{"embeddable":true,"href":"https:\/\/szkarabeusz.code4flow.com\/de\/wp-json\/wp\/v2\/comments?post=4327"}],"wp:featuredmedia":[{"embeddable":true,"href":"https:\/\/szkarabeusz.code4flow.com\/de\/wp-json\/wp\/v2\/media\/9331"}],"wp:attachment":[{"href":"https:\/\/szkarabeusz.code4flow.com\/de\/wp-json\/wp\/v2\/media?parent=4327"}],"wp:term":[{"taxonomy":"product_cat","embeddable":true,"href":"https:\/\/szkarabeusz.code4flow.com\/de\/wp-json\/wp\/v2\/product_cat?post=4327"},{"taxonomy":"product_tag","embeddable":true,"href":"https:\/\/szkarabeusz.code4flow.com\/de\/wp-json\/wp\/v2\/product_tag?post=4327"}],"curies":[{"name":"wp","href":"https:\/\/api.w.org\/{rel}","templated":true}]}}