{"id":4341,"date":"2024-05-21T08:54:45","date_gmt":"2024-05-21T08:54:45","guid":{"rendered":"https:\/\/szkarabeusz.code4flow.com\/termek\/kromkensav-laboratoriumi-celra-1000-ml-un2240-8-i\/"},"modified":"2025-05-14T15:25:16","modified_gmt":"2025-05-14T13:25:16","slug":"kromkensav-laboratoriumi-celra-1000-ml-un2240-8-i","status":"publish","type":"product","link":"https:\/\/szkarabeusz.code4flow.com\/de\/product\/kromkensav-laboratoriumi-celra-1000-ml-un2240-8-i\/","title":{"rendered":"Kr\u00f3mk\u00e9nsav laborat\u00f3riumi c\u00e9lra 1000 ml (UN2240 8., I)"},"content":{"rendered":"<p class=\"cs95E872D0\"><span class=\"cs1B16EEB5\">CLP harmoniz&aacute;ci&oacute;s oszt&aacute;lyba sorol&aacute;s szerint mag&aacute;nszem&eacute;lyeknek nem adhat&oacute;.<\/span><\/p>","protected":false},"excerpt":{"rendered":"<p>CLP harmoniz&aacute;ci&oacute;s oszt&aacute;lyba sorol&aacute;s szerint mag&aacute;nszem&eacute;lyeknek nem adhat&oacute;.<\/p>","protected":false},"featured_media":9967,"comment_status":"open","ping_status":"closed","template":"","meta":{"_acf_changed":false},"product_cat":[],"product_tag":[],"class_list":["post-4341","product","type-product","status-publish","has-post-thumbnail","hentry"],"group_of_quantity":0,"min_quantity":0,"max_quantity":"","exclude_order_quantity_value_rules":"no","exclude_category_quantity_rules":"no","combine_variations":"no","acf":[],"_links":{"self":[{"href":"https:\/\/szkarabeusz.code4flow.com\/de\/wp-json\/wp\/v2\/product\/4341","targetHints":{"allow":["GET"]}}],"collection":[{"href":"https:\/\/szkarabeusz.code4flow.com\/de\/wp-json\/wp\/v2\/product"}],"about":[{"href":"https:\/\/szkarabeusz.code4flow.com\/de\/wp-json\/wp\/v2\/types\/product"}],"replies":[{"embeddable":true,"href":"https:\/\/szkarabeusz.code4flow.com\/de\/wp-json\/wp\/v2\/comments?post=4341"}],"wp:featuredmedia":[{"embeddable":true,"href":"https:\/\/szkarabeusz.code4flow.com\/de\/wp-json\/wp\/v2\/media\/9967"}],"wp:attachment":[{"href":"https:\/\/szkarabeusz.code4flow.com\/de\/wp-json\/wp\/v2\/media?parent=4341"}],"wp:term":[{"taxonomy":"product_cat","embeddable":true,"href":"https:\/\/szkarabeusz.code4flow.com\/de\/wp-json\/wp\/v2\/product_cat?post=4341"},{"taxonomy":"product_tag","embeddable":true,"href":"https:\/\/szkarabeusz.code4flow.com\/de\/wp-json\/wp\/v2\/product_tag?post=4341"}],"curies":[{"name":"wp","href":"https:\/\/api.w.org\/{rel}","templated":true}]}}