{"id":5165,"date":"2024-05-22T11:17:51","date_gmt":"2024-05-22T11:17:51","guid":{"rendered":"https:\/\/szkarabeusz.code4flow.com\/termek\/kalium-permanganat-un1490-5-1-ii\/"},"modified":"2025-05-12T15:26:03","modified_gmt":"2025-05-12T13:26:03","slug":"kalium-permanganat-un1490-5-1-ii","status":"publish","type":"product","link":"https:\/\/szkarabeusz.code4flow.com\/de\/product\/kalium-permanganat-un1490-5-1-ii\/","title":{"rendered":"K\u00e1lium-permangan\u00e1t (UN 1490 K\u00c1LIUM-PERMANGAN\u00c1T, 5.1, II, (E))"},"content":{"rendered":"<p class=\"cs95E872D0\"><span class=\"cs1B16EEB5\">Kiz&aacute;r&oacute;lag szakmai felhaszn&aacute;l&aacute;s c&eacute;lj&aacute;ra, mag&aacute;nszem&eacute;lyeknek nem adhat&oacute;.<\/span><\/p>","protected":false},"excerpt":{"rendered":"<p>Kiz&aacute;r&oacute;lag szakmai felhaszn&aacute;l&aacute;s c&eacute;lj&aacute;ra, mag&aacute;nszem&eacute;lyeknek nem adhat&oacute;.<\/p>","protected":false},"featured_media":0,"comment_status":"open","ping_status":"closed","template":"","meta":{"_acf_changed":false},"product_cat":[],"product_tag":[],"class_list":["post-5165","product","type-product","status-publish","hentry"],"group_of_quantity":0,"min_quantity":25,"max_quantity":"","exclude_order_quantity_value_rules":"no","exclude_category_quantity_rules":"no","combine_variations":"no","acf":[],"_links":{"self":[{"href":"https:\/\/szkarabeusz.code4flow.com\/de\/wp-json\/wp\/v2\/product\/5165","targetHints":{"allow":["GET"]}}],"collection":[{"href":"https:\/\/szkarabeusz.code4flow.com\/de\/wp-json\/wp\/v2\/product"}],"about":[{"href":"https:\/\/szkarabeusz.code4flow.com\/de\/wp-json\/wp\/v2\/types\/product"}],"replies":[{"embeddable":true,"href":"https:\/\/szkarabeusz.code4flow.com\/de\/wp-json\/wp\/v2\/comments?post=5165"}],"wp:attachment":[{"href":"https:\/\/szkarabeusz.code4flow.com\/de\/wp-json\/wp\/v2\/media?parent=5165"}],"wp:term":[{"taxonomy":"product_cat","embeddable":true,"href":"https:\/\/szkarabeusz.code4flow.com\/de\/wp-json\/wp\/v2\/product_cat?post=5165"},{"taxonomy":"product_tag","embeddable":true,"href":"https:\/\/szkarabeusz.code4flow.com\/de\/wp-json\/wp\/v2\/product_tag?post=5165"}],"curies":[{"name":"wp","href":"https:\/\/api.w.org\/{rel}","templated":true}]}}