{"id":5543,"date":"2024-05-24T09:27:57","date_gmt":"2024-05-24T09:27:57","guid":{"rendered":"https:\/\/szkarabeusz.code4flow.com\/termek\/szarito-talcaval\/"},"modified":"2024-08-14T20:57:26","modified_gmt":"2024-08-14T18:57:26","slug":"szarito-talcaval","status":"publish","type":"product","link":"https:\/\/szkarabeusz.code4flow.com\/de\/product\/szarito-talcaval\/","title":{"rendered":"Sz\u00e1r\u00edt\u00f3 t\u00e1lc\u00e1val"},"content":{"rendered":"","protected":false},"excerpt":{"rendered":"","protected":false},"featured_media":10687,"comment_status":"open","ping_status":"closed","template":"","meta":{"_acf_changed":false},"product_cat":[],"product_tag":[],"class_list":["post-5543","product","type-product","status-publish","has-post-thumbnail","hentry"],"group_of_quantity":0,"min_quantity":0,"max_quantity":"","exclude_order_quantity_value_rules":"no","exclude_category_quantity_rules":"no","combine_variations":"no","acf":[],"_links":{"self":[{"href":"https:\/\/szkarabeusz.code4flow.com\/de\/wp-json\/wp\/v2\/product\/5543","targetHints":{"allow":["GET"]}}],"collection":[{"href":"https:\/\/szkarabeusz.code4flow.com\/de\/wp-json\/wp\/v2\/product"}],"about":[{"href":"https:\/\/szkarabeusz.code4flow.com\/de\/wp-json\/wp\/v2\/types\/product"}],"replies":[{"embeddable":true,"href":"https:\/\/szkarabeusz.code4flow.com\/de\/wp-json\/wp\/v2\/comments?post=5543"}],"wp:featuredmedia":[{"embeddable":true,"href":"https:\/\/szkarabeusz.code4flow.com\/de\/wp-json\/wp\/v2\/media\/10687"}],"wp:attachment":[{"href":"https:\/\/szkarabeusz.code4flow.com\/de\/wp-json\/wp\/v2\/media?parent=5543"}],"wp:term":[{"taxonomy":"product_cat","embeddable":true,"href":"https:\/\/szkarabeusz.code4flow.com\/de\/wp-json\/wp\/v2\/product_cat?post=5543"},{"taxonomy":"product_tag","embeddable":true,"href":"https:\/\/szkarabeusz.code4flow.com\/de\/wp-json\/wp\/v2\/product_tag?post=5543"}],"curies":[{"name":"wp","href":"https:\/\/api.w.org\/{rel}","templated":true}]}}