{"id":5583,"date":"2024-05-24T09:28:23","date_gmt":"2024-05-24T09:28:23","guid":{"rendered":"https:\/\/szkarabeusz.code4flow.com\/termek\/szuropapir-mn-615-1-4-redos-185-mm-100-db-cs\/"},"modified":"2025-01-18T19:28:51","modified_gmt":"2025-01-18T17:28:51","slug":"szuropapir-mn-615-1-4-redos-185-mm-100-db-cs","status":"publish","type":"product","link":"https:\/\/szkarabeusz.code4flow.com\/de\/product\/szuropapir-mn-615-1-4-redos-185-mm-100-db-cs\/","title":{"rendered":"Sz\u0171r\u0151pap\u00edr MN 615 1\/4 red\u0151s 185 mm 100 db\/cs"},"content":{"rendered":"","protected":false},"excerpt":{"rendered":"","protected":false},"featured_media":10696,"comment_status":"open","ping_status":"closed","template":"","meta":{"_acf_changed":false},"product_cat":[64],"product_tag":[],"class_list":["post-5583","product","type-product","status-publish","has-post-thumbnail","hentry","product_cat-laboratoriumi-eszkoz"],"group_of_quantity":0,"min_quantity":0,"max_quantity":"","exclude_order_quantity_value_rules":"no","exclude_category_quantity_rules":"no","combine_variations":"no","acf":[],"_links":{"self":[{"href":"https:\/\/szkarabeusz.code4flow.com\/de\/wp-json\/wp\/v2\/product\/5583","targetHints":{"allow":["GET"]}}],"collection":[{"href":"https:\/\/szkarabeusz.code4flow.com\/de\/wp-json\/wp\/v2\/product"}],"about":[{"href":"https:\/\/szkarabeusz.code4flow.com\/de\/wp-json\/wp\/v2\/types\/product"}],"replies":[{"embeddable":true,"href":"https:\/\/szkarabeusz.code4flow.com\/de\/wp-json\/wp\/v2\/comments?post=5583"}],"wp:featuredmedia":[{"embeddable":true,"href":"https:\/\/szkarabeusz.code4flow.com\/de\/wp-json\/wp\/v2\/media\/10696"}],"wp:attachment":[{"href":"https:\/\/szkarabeusz.code4flow.com\/de\/wp-json\/wp\/v2\/media?parent=5583"}],"wp:term":[{"taxonomy":"product_cat","embeddable":true,"href":"https:\/\/szkarabeusz.code4flow.com\/de\/wp-json\/wp\/v2\/product_cat?post=5583"},{"taxonomy":"product_tag","embeddable":true,"href":"https:\/\/szkarabeusz.code4flow.com\/de\/wp-json\/wp\/v2\/product_tag?post=5583"}],"curies":[{"name":"wp","href":"https:\/\/api.w.org\/{rel}","templated":true}]}}