{"id":5661,"date":"2024-05-24T09:29:11","date_gmt":"2024-05-24T09:29:11","guid":{"rendered":"https:\/\/szkarabeusz.code4flow.com\/termek\/vasii-szulfat-05-m-merooldat-100-ml\/"},"modified":"2025-05-26T10:48:03","modified_gmt":"2025-05-26T08:48:03","slug":"vasii-szulfat-05-m-merooldat-100-ml","status":"publish","type":"product","link":"https:\/\/szkarabeusz.code4flow.com\/de\/product\/vasii-szulfat-05-m-merooldat-100-ml\/","title":{"rendered":"Vas(II)-szulf\u00e1t 0,5 M m\u00e9r\u0151oldat  100 ml"},"content":{"rendered":"","protected":false},"excerpt":{"rendered":"","protected":false},"featured_media":10008,"comment_status":"open","ping_status":"closed","template":"","meta":{"_acf_changed":false},"product_cat":[15],"product_tag":[],"class_list":["post-5661","product","type-product","status-publish","has-post-thumbnail","hentry","product_cat-finomvegyszer"],"group_of_quantity":0,"min_quantity":0,"max_quantity":"","exclude_order_quantity_value_rules":"no","exclude_category_quantity_rules":"no","combine_variations":"no","acf":[],"_links":{"self":[{"href":"https:\/\/szkarabeusz.code4flow.com\/de\/wp-json\/wp\/v2\/product\/5661","targetHints":{"allow":["GET"]}}],"collection":[{"href":"https:\/\/szkarabeusz.code4flow.com\/de\/wp-json\/wp\/v2\/product"}],"about":[{"href":"https:\/\/szkarabeusz.code4flow.com\/de\/wp-json\/wp\/v2\/types\/product"}],"replies":[{"embeddable":true,"href":"https:\/\/szkarabeusz.code4flow.com\/de\/wp-json\/wp\/v2\/comments?post=5661"}],"wp:featuredmedia":[{"embeddable":true,"href":"https:\/\/szkarabeusz.code4flow.com\/de\/wp-json\/wp\/v2\/media\/10008"}],"wp:attachment":[{"href":"https:\/\/szkarabeusz.code4flow.com\/de\/wp-json\/wp\/v2\/media?parent=5661"}],"wp:term":[{"taxonomy":"product_cat","embeddable":true,"href":"https:\/\/szkarabeusz.code4flow.com\/de\/wp-json\/wp\/v2\/product_cat?post=5661"},{"taxonomy":"product_tag","embeddable":true,"href":"https:\/\/szkarabeusz.code4flow.com\/de\/wp-json\/wp\/v2\/product_tag?post=5661"}],"curies":[{"name":"wp","href":"https:\/\/api.w.org\/{rel}","templated":true}]}}