{"id":5720,"date":"2024-05-24T09:30:02","date_gmt":"2024-05-24T09:30:02","guid":{"rendered":"https:\/\/szkarabeusz.code4flow.com\/termek\/szuropapir-mn-640w-kor-55-mm-100-db-cs\/"},"modified":"2025-05-29T14:51:49","modified_gmt":"2025-05-29T12:51:49","slug":"szuropapir-mn-640w-kor-55-mm-100-db-cs","status":"publish","type":"product","link":"https:\/\/szkarabeusz.code4flow.com\/de\/product\/szuropapir-mn-640w-kor-55-mm-100-db-cs\/","title":{"rendered":"Sz\u0171r\u0151pap\u00edr MN 640w k\u00f6r 55 mm 100 db\/cs"},"content":{"rendered":"","protected":false},"excerpt":{"rendered":"","protected":false},"featured_media":10933,"comment_status":"open","ping_status":"closed","template":"","meta":{"_acf_changed":false},"product_cat":[],"product_tag":[],"class_list":["post-5720","product","type-product","status-publish","has-post-thumbnail","hentry"],"group_of_quantity":0,"min_quantity":0,"max_quantity":"","exclude_order_quantity_value_rules":"no","exclude_category_quantity_rules":"no","combine_variations":"no","acf":[],"_links":{"self":[{"href":"https:\/\/szkarabeusz.code4flow.com\/de\/wp-json\/wp\/v2\/product\/5720","targetHints":{"allow":["GET"]}}],"collection":[{"href":"https:\/\/szkarabeusz.code4flow.com\/de\/wp-json\/wp\/v2\/product"}],"about":[{"href":"https:\/\/szkarabeusz.code4flow.com\/de\/wp-json\/wp\/v2\/types\/product"}],"replies":[{"embeddable":true,"href":"https:\/\/szkarabeusz.code4flow.com\/de\/wp-json\/wp\/v2\/comments?post=5720"}],"wp:featuredmedia":[{"embeddable":true,"href":"https:\/\/szkarabeusz.code4flow.com\/de\/wp-json\/wp\/v2\/media\/10933"}],"wp:attachment":[{"href":"https:\/\/szkarabeusz.code4flow.com\/de\/wp-json\/wp\/v2\/media?parent=5720"}],"wp:term":[{"taxonomy":"product_cat","embeddable":true,"href":"https:\/\/szkarabeusz.code4flow.com\/de\/wp-json\/wp\/v2\/product_cat?post=5720"},{"taxonomy":"product_tag","embeddable":true,"href":"https:\/\/szkarabeusz.code4flow.com\/de\/wp-json\/wp\/v2\/product_tag?post=5720"}],"curies":[{"name":"wp","href":"https:\/\/api.w.org\/{rel}","templated":true}]}}