{"id":5776,"date":"2024-05-24T09:30:43","date_gmt":"2024-05-24T09:30:43","guid":{"rendered":"https:\/\/szkarabeusz.code4flow.com\/termek\/natrium-karbonat-mososzoda-25-kg\/"},"modified":"2025-06-03T09:55:15","modified_gmt":"2025-06-03T07:55:15","slug":"natrium-karbonat-mososzoda-25-kg","status":"publish","type":"product","link":"https:\/\/szkarabeusz.code4flow.com\/de\/product\/natrium-karbonat-mososzoda-25-kg\/","title":{"rendered":"N\u00e1trium-karbon\u00e1t (mos\u00f3sz\u00f3da) 25 kg"},"content":{"rendered":"<p class=\"cs95E872D0\"><span class=\"cs1B16EEB5\">&nbsp;<\/span><\/p>","protected":false},"excerpt":{"rendered":"<p>&nbsp;<\/p>","protected":false},"featured_media":0,"comment_status":"open","ping_status":"closed","template":"","meta":{"_acf_changed":false},"product_cat":[59],"product_tag":[],"class_list":["post-5776","product","type-product","status-publish","hentry","product_cat-vegyi-alapanyag"],"group_of_quantity":0,"min_quantity":25,"max_quantity":"","exclude_order_quantity_value_rules":"no","exclude_category_quantity_rules":"no","combine_variations":"no","acf":[],"_links":{"self":[{"href":"https:\/\/szkarabeusz.code4flow.com\/de\/wp-json\/wp\/v2\/product\/5776","targetHints":{"allow":["GET"]}}],"collection":[{"href":"https:\/\/szkarabeusz.code4flow.com\/de\/wp-json\/wp\/v2\/product"}],"about":[{"href":"https:\/\/szkarabeusz.code4flow.com\/de\/wp-json\/wp\/v2\/types\/product"}],"replies":[{"embeddable":true,"href":"https:\/\/szkarabeusz.code4flow.com\/de\/wp-json\/wp\/v2\/comments?post=5776"}],"wp:attachment":[{"href":"https:\/\/szkarabeusz.code4flow.com\/de\/wp-json\/wp\/v2\/media?parent=5776"}],"wp:term":[{"taxonomy":"product_cat","embeddable":true,"href":"https:\/\/szkarabeusz.code4flow.com\/de\/wp-json\/wp\/v2\/product_cat?post=5776"},{"taxonomy":"product_tag","embeddable":true,"href":"https:\/\/szkarabeusz.code4flow.com\/de\/wp-json\/wp\/v2\/product_tag?post=5776"}],"curies":[{"name":"wp","href":"https:\/\/api.w.org\/{rel}","templated":true}]}}