{"id":8747,"date":"2024-05-31T18:16:24","date_gmt":"2024-05-31T16:16:24","guid":{"rendered":"https:\/\/szkarabeusz.code4flow.com\/termek\/magnezium-szulfat-7-hidrat-technikai\/"},"modified":"2024-08-14T21:12:22","modified_gmt":"2024-08-14T19:12:22","slug":"magnezium-szulfat-7-hidrat-technikai","status":"publish","type":"product","link":"https:\/\/szkarabeusz.code4flow.com\/de\/product\/magnezium-szulfat-7-hidrat-technikai\/","title":{"rendered":"Magn\u00e9zium-szulf\u00e1t 7-hidr\u00e1t technikai"},"content":{"rendered":"<p class=\"cs95E872D0\"><span class=\"cs1B16EEB5\">&nbsp;<\/span><\/p>","protected":false},"excerpt":{"rendered":"<p>&nbsp;<\/p>","protected":false},"featured_media":10666,"comment_status":"open","ping_status":"closed","template":"","meta":{"_acf_changed":false},"product_cat":[59],"product_tag":[],"class_list":["post-8747","product","type-product","status-publish","has-post-thumbnail","hentry","product_cat-vegyi-alapanyag"],"group_of_quantity":0,"min_quantity":25,"max_quantity":"","exclude_order_quantity_value_rules":"no","exclude_category_quantity_rules":"no","combine_variations":"no","acf":[],"_links":{"self":[{"href":"https:\/\/szkarabeusz.code4flow.com\/de\/wp-json\/wp\/v2\/product\/8747","targetHints":{"allow":["GET"]}}],"collection":[{"href":"https:\/\/szkarabeusz.code4flow.com\/de\/wp-json\/wp\/v2\/product"}],"about":[{"href":"https:\/\/szkarabeusz.code4flow.com\/de\/wp-json\/wp\/v2\/types\/product"}],"replies":[{"embeddable":true,"href":"https:\/\/szkarabeusz.code4flow.com\/de\/wp-json\/wp\/v2\/comments?post=8747"}],"wp:featuredmedia":[{"embeddable":true,"href":"https:\/\/szkarabeusz.code4flow.com\/de\/wp-json\/wp\/v2\/media\/10666"}],"wp:attachment":[{"href":"https:\/\/szkarabeusz.code4flow.com\/de\/wp-json\/wp\/v2\/media?parent=8747"}],"wp:term":[{"taxonomy":"product_cat","embeddable":true,"href":"https:\/\/szkarabeusz.code4flow.com\/de\/wp-json\/wp\/v2\/product_cat?post=8747"},{"taxonomy":"product_tag","embeddable":true,"href":"https:\/\/szkarabeusz.code4flow.com\/de\/wp-json\/wp\/v2\/product_tag?post=8747"}],"curies":[{"name":"wp","href":"https:\/\/api.w.org\/{rel}","templated":true}]}}