{"id":2588,"date":"2024-02-13T06:32:25","date_gmt":"2024-02-13T06:32:25","guid":{"rendered":"https:\/\/szkarabeusz.code4flow.com\/?page_id=2588"},"modified":"2024-02-13T06:33:23","modified_gmt":"2024-02-13T06:33:23","slug":"impresszum","status":"publish","type":"page","link":"https:\/\/szkarabeusz.code4flow.com\/en\/impresszum\/","title":{"rendered":"Imprint"},"content":{"rendered":"<div data-elementor-type=\"wp-page\" data-elementor-id=\"2588\" class=\"elementor elementor-2588\" data-elementor-post-type=\"page\">\n\t\t\t\t\t\t\t\t\t<section data-particle_enable=\"false\" data-particle-mobile-disabled=\"false\" class=\"elementor-section elementor-top-section elementor-element elementor-element-009ef69 elementor-section-boxed elementor-section-height-default elementor-section-height-default\" data-id=\"009ef69\" data-element_type=\"section\">\n\t\t\t\t\t\t<div class=\"elementor-container elementor-column-gap-default\">\n\t\t\t\t\t<div class=\"elementor-column elementor-col-100 elementor-top-column elementor-element elementor-element-bcea5c0\" data-id=\"bcea5c0\" data-element_type=\"column\">\n\t\t\t<div class=\"elementor-widget-wrap elementor-element-populated\">\n\t\t\t\t\t\t\t\t<div class=\"elementor-element elementor-element-18b5024 elementor-widget elementor-widget-heading\" data-id=\"18b5024\" data-element_type=\"widget\" data-widget_type=\"heading.default\">\n\t\t\t\t<div class=\"elementor-widget-container\">\n\t\t\t<style>\/*! elementor - v3.16.0 - 17-10-2023 *\/\n.elementor-heading-title{padding:0;margin:0;line-height:1}.elementor-widget-heading .elementor-heading-title[class*=elementor-size-]>a{color:inherit;font-size:inherit;line-height:inherit}.elementor-widget-heading .elementor-heading-title.elementor-size-small{font-size:15px}.elementor-widget-heading .elementor-heading-title.elementor-size-medium{font-size:19px}.elementor-widget-heading .elementor-heading-title.elementor-size-large{font-size:29px}.elementor-widget-heading .elementor-heading-title.elementor-size-xl{font-size:39px}.elementor-widget-heading .elementor-heading-title.elementor-size-xxl{font-size:59px}<\/style><h1 class=\"elementor-heading-title elementor-size-default\">Imprint<\/h1>\t\t<\/div>\n\t\t\t\t<\/div>\n\t\t\t\t\t<\/div>\n\t\t<\/div>\n\t\t\t\t\t\t\t<\/div>\n\t\t<\/section>\n\t\t\t\t<section data-particle_enable=\"false\" data-particle-mobile-disabled=\"false\" class=\"elementor-section elementor-top-section elementor-element elementor-element-0322b6c elementor-section-boxed elementor-section-height-default elementor-section-height-default\" data-id=\"0322b6c\" data-element_type=\"section\">\n\t\t\t\t\t\t<div class=\"elementor-container elementor-column-gap-default\">\n\t\t\t\t\t<div class=\"elementor-column elementor-col-100 elementor-top-column elementor-element elementor-element-70a723a\" data-id=\"70a723a\" data-element_type=\"column\">\n\t\t\t<div class=\"elementor-widget-wrap elementor-element-populated\">\n\t\t\t\t\t\t\t\t<div class=\"elementor-element elementor-element-7a25e91 elementor-widget elementor-widget-text-editor\" data-id=\"7a25e91\" data-element_type=\"widget\" data-widget_type=\"text-editor.default\">\n\t\t\t\t<div class=\"elementor-widget-container\">\n\t\t\t<style>\/*! elementor - v3.16.0 - 17-10-2023 *\/\n.elementor-widget-text-editor.elementor-drop-cap-view-stacked .elementor-drop-cap{background-color:#69727d;color:#fff}.elementor-widget-text-editor.elementor-drop-cap-view-framed .elementor-drop-cap{color:#69727d;border:3px solid;background-color:transparent}.elementor-widget-text-editor:not(.elementor-drop-cap-view-default) .elementor-drop-cap{margin-top:8px}.elementor-widget-text-editor:not(.elementor-drop-cap-view-default) .elementor-drop-cap-letter{width:1em;height:1em}.elementor-widget-text-editor .elementor-drop-cap{float:left;text-align:center;line-height:1;font-size:50px}.elementor-widget-text-editor .elementor-drop-cap-letter{display:inline-block}<\/style>\t\t\t\t<p>C\u00e9gn\u00e9v: Szkarabeusz Kft. <br \/>Sz\u00e9khely: 7741 Bog\u00e1d, Pet\u0151fi u.17.<br \/>Telephely: 7622 P\u00e9cs, Verseny u.17.<\/p><p>Levelez\u00e9si c\u00edm: 7602 P\u00e9cs, Pf.: 161.<br \/>Ad\u00f3sz\u00e1m: 11859389-2-02<br \/>E-mail: info@szkarabeusz.hu<br \/>Telefon: +36 72 532828<\/p><p>Weboldal megnevez\u00e9se: www.szkarabeusz.hu<\/p>\t\t\t\t\t\t<\/div>\n\t\t\t\t<\/div>\n\t\t\t\t\t<\/div>\n\t\t<\/div>\n\t\t\t\t\t\t\t<\/div>\n\t\t<\/section>\n\t\t\t\t\t\t\t<\/div>","protected":false},"excerpt":{"rendered":"<p>Impresszum C\u00e9gn\u00e9v: Szkarabeusz Kft. Sz\u00e9khely: 7741 Bog\u00e1d, Pet\u0151fi u.17.Telephely: 7622 P\u00e9cs, Verseny u.17. Levelez\u00e9si c\u00edm: 7602 P\u00e9cs, Pf.: 161.Ad\u00f3sz\u00e1m: 11859389-2-02E-mail:&#8230;<\/p>","protected":false},"author":1,"featured_media":0,"parent":0,"menu_order":0,"comment_status":"closed","ping_status":"closed","template":"elementor_header_footer","meta":{"_acf_changed":false,"footnotes":""},"class_list":["post-2588","page","type-page","status-publish","hentry"],"acf":[],"post-meta":{"_edit_lock":["1707806005:1"],"_edit_last":["1"],"_elementor_edit_mode":["builder"],"_elementor_template_type":["wp-page"],"_elementor_version":["3.16.6"],"_elementor_pro_version":["3.16.2"],"_wp_page_template":["elementor_header_footer"],"_elementor_page_settings":["a:1:{s:18:\"eael_ext_toc_title\";s:17:\"Table of Contents\";}"],"_elementor_data":["[{\"id\":\"009ef69\",\"elType\":\"section\",\"settings\":{\"eael_parallax_layers_list\":[],\"eael_cl_logics\":[{\"_id\":\"b81ee12\"}]},\"elements\":[{\"id\":\"bcea5c0\",\"elType\":\"column\",\"settings\":{\"_column_size\":100,\"_inline_size\":null,\"eael_cl_logics\":[{\"_id\":\"c67f48d\"}]},\"elements\":[{\"id\":\"18b5024\",\"elType\":\"widget\",\"settings\":{\"title\":\"Impresszum\",\"header_size\":\"h1\",\"eael_tooltip_section_content\":\"I am a tooltip\",\"eael_ext_content_protection_password_placeholder\":\"Enter Password\",\"eael_ext_content_protection_password_submit_btn_txt\":\"Submit\",\"eael_ext_content_protection_password_incorrect_message\":\"Password does not match.\",\"eael_cl_logics\":[{\"_id\":\"78c3a93\"}]},\"elements\":[],\"widgetType\":\"heading\"}],\"isInner\":false}],\"isInner\":false},{\"id\":\"0322b6c\",\"elType\":\"section\",\"settings\":{\"eael_parallax_layers_list\":[],\"eael_cl_logics\":[{\"_id\":\"a3cc07b\"}]},\"elements\":[{\"id\":\"70a723a\",\"elType\":\"column\",\"settings\":{\"_column_size\":100,\"_inline_size\":null,\"eael_cl_logics\":[{\"_id\":\"9c9a4ad\"}]},\"elements\":[{\"id\":\"7a25e91\",\"elType\":\"widget\",\"settings\":{\"editor\":\"<p>C\\u00e9gn\\u00e9v: Szkarabeusz Kft. <br \\\/>Sz\\u00e9khely: 7741 Bog\\u00e1d, Pet\\u0151fi u.17.<br \\\/>Telephely: 7622 P\\u00e9cs, Verseny u.17.<\\\/p><p>Levelez\\u00e9si c\\u00edm: 7602 P\\u00e9cs, Pf.: 161.<br \\\/>Ad\\u00f3sz\\u00e1m: 11859389-2-02<br \\\/>E-mail: info@szkarabeusz.hu<br \\\/>Telefon: +36 72 532828<\\\/p><p>Weboldal megnevez\\u00e9se: www.szkarabeusz.hu<\\\/p>\",\"typography_typography\":\"custom\",\"typography_font_weight\":\"500\",\"eael_tooltip_section_content\":\"I am a tooltip\",\"eael_ext_content_protection_password_placeholder\":\"Enter Password\",\"eael_ext_content_protection_password_submit_btn_txt\":\"Submit\",\"eael_ext_content_protection_password_incorrect_message\":\"Password does not match.\",\"eael_cl_logics\":[{\"_id\":\"694462a\"}]},\"elements\":[],\"widgetType\":\"text-editor\"}],\"isInner\":false}],\"isInner\":false}]"],"_elementor_page_assets":["a:0:{}"],"_eael_custom_js":[""],"_elementor_css":["a:6:{s:4:\"time\";i:1749266278;s:5:\"fonts\";a:0:{}s:5:\"icons\";a:0:{}s:20:\"dynamic_elements_ids\";a:0:{}s:6:\"status\";s:4:\"file\";i:0;s:0:\"\";}"]},"_links":{"self":[{"href":"https:\/\/szkarabeusz.code4flow.com\/en\/wp-json\/wp\/v2\/pages\/2588","targetHints":{"allow":["GET"]}}],"collection":[{"href":"https:\/\/szkarabeusz.code4flow.com\/en\/wp-json\/wp\/v2\/pages"}],"about":[{"href":"https:\/\/szkarabeusz.code4flow.com\/en\/wp-json\/wp\/v2\/types\/page"}],"author":[{"embeddable":true,"href":"https:\/\/szkarabeusz.code4flow.com\/en\/wp-json\/wp\/v2\/users\/1"}],"replies":[{"embeddable":true,"href":"https:\/\/szkarabeusz.code4flow.com\/en\/wp-json\/wp\/v2\/comments?post=2588"}],"version-history":[{"count":3,"href":"https:\/\/szkarabeusz.code4flow.com\/en\/wp-json\/wp\/v2\/pages\/2588\/revisions"}],"predecessor-version":[{"id":2591,"href":"https:\/\/szkarabeusz.code4flow.com\/en\/wp-json\/wp\/v2\/pages\/2588\/revisions\/2591"}],"wp:attachment":[{"href":"https:\/\/szkarabeusz.code4flow.com\/en\/wp-json\/wp\/v2\/media?parent=2588"}],"curies":[{"name":"wp","href":"https:\/\/api.w.org\/{rel}","templated":true}]}}