{"id":11420,"date":"2025-02-13T18:20:29","date_gmt":"2025-02-13T16:20:29","guid":{"rendered":"https:\/\/szkarabeusz.code4flow.com\/termek\/vegyszerszekreny-vt-2\/"},"modified":"2025-06-03T11:11:22","modified_gmt":"2025-06-03T09:11:22","slug":"vegyszerszekreny-vt-2","status":"publish","type":"product","link":"https:\/\/szkarabeusz.code4flow.com\/en\/product\/vegyszerszekreny-vt-2\/","title":{"rendered":"Vegyszerszekr\u00e9ny  VT-2"},"content":{"rendered":"<ul style=\"margin-top:0;margin-bottom:0\">\n<li class=\"cs81F75457\"><span class=\"csC950555E\">Vegyszerek, fert\u0151tlen&iacute;t\u0151szerek, takar&iacute;t&oacute;szerek, m&eacute;rgek t&aacute;rolhat&oacute;ak biztons&aacute;gosan a sziv&aacute;rg&aacute;smentes k&aacute;rment\u0151 t&aacute;lc&aacute;kon.<\/span><\/li>\n<li class=\"cs81F75457\"><span class=\"csC950555E\">Ill&eacute;kony szerves vegy&uuml;letek (VOC) biztons&aacute;gos t&aacute;rol&aacute;sa passz&iacute;v szell\u0151z&eacute;s vagy akt&iacute;v elsz&iacute;v&aacute;s alkalmaz&aacute;s&aacute;val.<\/span><\/li>\n<li class=\"cs81F75457\"><span class=\"csC950555E\">Vesz&eacute;lyes hullad&eacute;knak sz&aacute;m&iacute;t&oacute; elemek, savas vagy &oacute;lomakkuml&aacute;torok &aacute;tmeneti t&aacute;rol&aacute;sa a nagy teherb&iacute;r&aacute;s&uacute; polcokon.<\/span><\/li>\n<li class=\"cs81F75457\"><span class=\"csC950555E\">Ki&uuml;r&uuml;lt tonerek, fest&eacute;kkazett&aacute;k, tintapartonok ideiglenes t&aacute;rol&aacute;s&aacute;ra.<\/span><\/li>\n<li class=\"cs81F75457\"><span class=\"csC950555E\">Kulcsos biztons&aacute;gi z&aacute;rral felszerelt 3 ponton z&aacute;r&oacute;d&oacute; ajt&oacute;.<\/span><\/li>\n<li class=\"cs81F75457\"><span class=\"csC950555E\">Az ajt&oacute;n szell\u0151z\u0151ny&iacute;l&aacute;sokkal<\/span><\/li>\n<li class=\"cs81F75457\"><span class=\"csC950555E\">A szekr&eacute;ny tetej&eacute;n passz&iacute;v szell\u0151z&eacute;st biztos&iacute;t&oacute; szell\u0151z\u0151ny&iacute;l&aacute;ssal.<\/span><\/li>\n<li class=\"cs81F75457\"><span class=\"csC950555E\">Horganyzott k&aacute;rment\u0151 t&aacute;lc&aacute;kkal.<\/span><\/li>\n<li class=\"cs81F75457\"><span class=\"csC950555E\">5 cm-enk&eacute;nt &aacute;ll&iacute;that&oacute; polcmagass&aacute;g.<\/span><\/li>\n<li class=\"cs81F75457\"><span class=\"csC950555E\">Sz&iacute;ne:<\/span>\n<ul style=\"margin-top:0;margin-bottom:0\">\n<li class=\"cs3F4C977F\"><span class=\"csC950555E\">szekr&eacute;nytest: RAL 7035 vil&aacute;gossz&uuml;rke<\/span><\/li>\n<li class=\"cs3F4C977F\"><span class=\"csC950555E\">ajt&oacute;: RAL 1018 s&aacute;rga<\/span><\/li>\n<\/ul>\n<\/li>\n<li class=\"cs81F75457\"><span class=\"csC950555E\">M&eacute;ret: 1500 x 850 x 380 mm<\/span><\/li>\n<li class=\"cs81F75457\"><span class=\"csC950555E\">S&uacute;ly: 31 kg<\/span><\/li>\n<li class=\"cs81F75457\"><span class=\"csC950555E\">Polcok sz&aacute;ma: 3 db<\/span><\/li>\n<li class=\"cs81F75457\"><span class=\"csC950555E\">Egyajt&oacute;s<\/span><\/li>\n<\/ul>\n<p class=\"csB86ABA2\"><span class=\"cs581ACAB0\">&nbsp;<\/span><\/p>\n<p class=\"csB86ABA2\"><span class=\"csB60A08AA\">Rendelhet\u0151 fel&aacute;ras opci&oacute;k:<\/span><\/p>\n<ul style=\"margin-top:0;margin-bottom:0\">\n<li class=\"cs81F75457\"><span class=\"csC950555E\">K&uuml;l&ouml;n polc<\/span><\/li>\n<\/ul>\n<p class=\"cs95E872D0\"><span class=\"cs1B16EEB5\">&nbsp;<\/span><\/p>","protected":false},"excerpt":{"rendered":"<p>Vegyszerek, fert\u0151tlen&iacute;t\u0151szerek, takar&iacute;t&oacute;szerek, m&eacute;rgek t&aacute;rolhat&oacute;ak biztons&aacute;gosan a sziv&aacute;rg&aacute;smentes k&aacute;rment\u0151 t&aacute;lc&aacute;kon. Ill&eacute;kony szerves vegy&uuml;letek (VOC) biztons&aacute;gos t&aacute;rol&aacute;sa passz&iacute;v szell\u0151z&eacute;s vagy akt&iacute;v&#8230;<\/p>","protected":false},"featured_media":11423,"comment_status":"open","ping_status":"closed","template":"","meta":{"_acf_changed":false},"product_cat":[64],"product_tag":[],"class_list":["post-11420","product","type-product","status-publish","has-post-thumbnail","hentry","product_cat-laboratoriumi-eszkoz"],"group_of_quantity":0,"min_quantity":0,"max_quantity":"","exclude_order_quantity_value_rules":"no","exclude_category_quantity_rules":"no","combine_variations":"no","acf":[],"_links":{"self":[{"href":"https:\/\/szkarabeusz.code4flow.com\/en\/wp-json\/wp\/v2\/product\/11420","targetHints":{"allow":["GET"]}}],"collection":[{"href":"https:\/\/szkarabeusz.code4flow.com\/en\/wp-json\/wp\/v2\/product"}],"about":[{"href":"https:\/\/szkarabeusz.code4flow.com\/en\/wp-json\/wp\/v2\/types\/product"}],"replies":[{"embeddable":true,"href":"https:\/\/szkarabeusz.code4flow.com\/en\/wp-json\/wp\/v2\/comments?post=11420"}],"wp:featuredmedia":[{"embeddable":true,"href":"https:\/\/szkarabeusz.code4flow.com\/en\/wp-json\/wp\/v2\/media\/11423"}],"wp:attachment":[{"href":"https:\/\/szkarabeusz.code4flow.com\/en\/wp-json\/wp\/v2\/media?parent=11420"}],"wp:term":[{"taxonomy":"product_cat","embeddable":true,"href":"https:\/\/szkarabeusz.code4flow.com\/en\/wp-json\/wp\/v2\/product_cat?post=11420"},{"taxonomy":"product_tag","embeddable":true,"href":"https:\/\/szkarabeusz.code4flow.com\/en\/wp-json\/wp\/v2\/product_tag?post=11420"}],"curies":[{"name":"wp","href":"https:\/\/api.w.org\/{rel}","templated":true}]}}