{"id":3427,"date":"2024-05-19T18:32:33","date_gmt":"2024-05-19T18:32:33","guid":{"rendered":"https:\/\/szkarabeusz.code4flow.com\/termek\/kongo-papir-normal-piros-kek\/"},"modified":"2025-01-18T19:59:19","modified_gmt":"2025-01-18T17:59:19","slug":"kongo-papir-normal-piros-kek","status":"publish","type":"product","link":"https:\/\/szkarabeusz.code4flow.com\/en\/product\/kongo-papir-normal-piros-kek\/","title":{"rendered":"Kong\u00f3 pap\u00edr norm\u00e1l piros-k\u00e9k"},"content":{"rendered":"<p class=\"cs95E872D0\"><span class=\"cs1B16EEB5\">Gy&aacute;rt&oacute;i sz&aacute;ll&iacute;t&aacute;si k&ouml;lts&eacute;g (15 &deg;C TO 30 &deg;C) 12000 Ft+&Aacute;fa<\/span><\/p>\n<p class=\"cs95E872D0\"><span class=\"cs1B16EEB5\">Sz&aacute;ll&iacute;t&aacute;si t&iacute;pusonk&eacute;nt a gy&aacute;rt&oacute; egyszer sz&aacute;molja fel, f&uuml;ggetlen&uuml;l a rendelt term&eacute;kek darabsz&aacute;m&aacute;t&oacute;l.<\/span><\/p>","protected":false},"excerpt":{"rendered":"<p>Gy&aacute;rt&oacute;i sz&aacute;ll&iacute;t&aacute;si k&ouml;lts&eacute;g (15 &deg;C TO 30 &deg;C) 12000 Ft+&Aacute;fa Sz&aacute;ll&iacute;t&aacute;si t&iacute;pusonk&eacute;nt a gy&aacute;rt&oacute; egyszer sz&aacute;molja fel, f&uuml;ggetlen&uuml;l a rendelt&#8230;<\/p>","protected":false},"featured_media":0,"comment_status":"open","ping_status":"closed","template":"","meta":{"_acf_changed":false},"product_cat":[64],"product_tag":[],"class_list":["post-3427","product","type-product","status-publish","hentry","product_cat-laboratoriumi-eszkoz"],"group_of_quantity":0,"min_quantity":0,"max_quantity":"","exclude_order_quantity_value_rules":"no","exclude_category_quantity_rules":"no","combine_variations":"no","acf":[],"_links":{"self":[{"href":"https:\/\/szkarabeusz.code4flow.com\/en\/wp-json\/wp\/v2\/product\/3427","targetHints":{"allow":["GET"]}}],"collection":[{"href":"https:\/\/szkarabeusz.code4flow.com\/en\/wp-json\/wp\/v2\/product"}],"about":[{"href":"https:\/\/szkarabeusz.code4flow.com\/en\/wp-json\/wp\/v2\/types\/product"}],"replies":[{"embeddable":true,"href":"https:\/\/szkarabeusz.code4flow.com\/en\/wp-json\/wp\/v2\/comments?post=3427"}],"wp:attachment":[{"href":"https:\/\/szkarabeusz.code4flow.com\/en\/wp-json\/wp\/v2\/media?parent=3427"}],"wp:term":[{"taxonomy":"product_cat","embeddable":true,"href":"https:\/\/szkarabeusz.code4flow.com\/en\/wp-json\/wp\/v2\/product_cat?post=3427"},{"taxonomy":"product_tag","embeddable":true,"href":"https:\/\/szkarabeusz.code4flow.com\/en\/wp-json\/wp\/v2\/product_tag?post=3427"}],"curies":[{"name":"wp","href":"https:\/\/api.w.org\/{rel}","templated":true}]}}