{"id":3587,"date":"2024-05-19T18:39:47","date_gmt":"2024-05-19T18:39:47","guid":{"rendered":"https:\/\/szkarabeusz.code4flow.com\/termek\/burettafogo-2-ferohelyes-dioval-festett-vas\/"},"modified":"2024-12-27T17:54:36","modified_gmt":"2024-12-27T15:54:36","slug":"burettafogo-2-ferohelyes-dioval-festett-vas","status":"publish","type":"product","link":"https:\/\/szkarabeusz.code4flow.com\/en\/product\/burettafogo-2-ferohelyes-dioval-festett-vas\/","title":{"rendered":"B\u00fcrettafog\u00f3, 2 f\u00e9r\u0151helyes, di\u00f3val, festett vas"},"content":{"rendered":"","protected":false},"excerpt":{"rendered":"","protected":false},"featured_media":10189,"comment_status":"open","ping_status":"closed","template":"","meta":{"_acf_changed":false},"product_cat":[64],"product_tag":[],"class_list":["post-3587","product","type-product","status-publish","has-post-thumbnail","hentry","product_cat-laboratoriumi-eszkoz"],"group_of_quantity":0,"min_quantity":0,"max_quantity":"","exclude_order_quantity_value_rules":"no","exclude_category_quantity_rules":"no","combine_variations":"no","acf":[],"_links":{"self":[{"href":"https:\/\/szkarabeusz.code4flow.com\/en\/wp-json\/wp\/v2\/product\/3587","targetHints":{"allow":["GET"]}}],"collection":[{"href":"https:\/\/szkarabeusz.code4flow.com\/en\/wp-json\/wp\/v2\/product"}],"about":[{"href":"https:\/\/szkarabeusz.code4flow.com\/en\/wp-json\/wp\/v2\/types\/product"}],"replies":[{"embeddable":true,"href":"https:\/\/szkarabeusz.code4flow.com\/en\/wp-json\/wp\/v2\/comments?post=3587"}],"wp:featuredmedia":[{"embeddable":true,"href":"https:\/\/szkarabeusz.code4flow.com\/en\/wp-json\/wp\/v2\/media\/10189"}],"wp:attachment":[{"href":"https:\/\/szkarabeusz.code4flow.com\/en\/wp-json\/wp\/v2\/media?parent=3587"}],"wp:term":[{"taxonomy":"product_cat","embeddable":true,"href":"https:\/\/szkarabeusz.code4flow.com\/en\/wp-json\/wp\/v2\/product_cat?post=3587"},{"taxonomy":"product_tag","embeddable":true,"href":"https:\/\/szkarabeusz.code4flow.com\/en\/wp-json\/wp\/v2\/product_tag?post=3587"}],"curies":[{"name":"wp","href":"https:\/\/api.w.org\/{rel}","templated":true}]}}