{"id":3727,"date":"2024-05-19T18:46:19","date_gmt":"2024-05-19T18:46:19","guid":{"rendered":"https:\/\/szkarabeusz.code4flow.com\/termek\/dpd-3-tabletta-kotott-klor-10-db-level\/"},"modified":"2024-08-14T19:47:13","modified_gmt":"2024-08-14T17:47:13","slug":"dpd-3-tabletta-kotott-klor-10-db-level","status":"publish","type":"product","link":"https:\/\/szkarabeusz.code4flow.com\/en\/product\/dpd-3-tabletta-kotott-klor-10-db-level\/","title":{"rendered":"DPD 3 tabletta (k\u00f6t\u00f6tt kl\u00f3r) 10 db\/lev\u00e9l"},"content":{"rendered":"","protected":false},"excerpt":{"rendered":"","protected":false},"featured_media":10063,"comment_status":"open","ping_status":"closed","template":"","meta":{"_acf_changed":false},"product_cat":[71],"product_tag":[],"class_list":["post-3727","product","type-product","status-publish","has-post-thumbnail","hentry","product_cat-vizkezeles-medence-vegyszerek"],"group_of_quantity":0,"min_quantity":0,"max_quantity":"","exclude_order_quantity_value_rules":"no","exclude_category_quantity_rules":"no","combine_variations":"no","acf":[],"_links":{"self":[{"href":"https:\/\/szkarabeusz.code4flow.com\/en\/wp-json\/wp\/v2\/product\/3727","targetHints":{"allow":["GET"]}}],"collection":[{"href":"https:\/\/szkarabeusz.code4flow.com\/en\/wp-json\/wp\/v2\/product"}],"about":[{"href":"https:\/\/szkarabeusz.code4flow.com\/en\/wp-json\/wp\/v2\/types\/product"}],"replies":[{"embeddable":true,"href":"https:\/\/szkarabeusz.code4flow.com\/en\/wp-json\/wp\/v2\/comments?post=3727"}],"wp:featuredmedia":[{"embeddable":true,"href":"https:\/\/szkarabeusz.code4flow.com\/en\/wp-json\/wp\/v2\/media\/10063"}],"wp:attachment":[{"href":"https:\/\/szkarabeusz.code4flow.com\/en\/wp-json\/wp\/v2\/media?parent=3727"}],"wp:term":[{"taxonomy":"product_cat","embeddable":true,"href":"https:\/\/szkarabeusz.code4flow.com\/en\/wp-json\/wp\/v2\/product_cat?post=3727"},{"taxonomy":"product_tag","embeddable":true,"href":"https:\/\/szkarabeusz.code4flow.com\/en\/wp-json\/wp\/v2\/product_tag?post=3727"}],"curies":[{"name":"wp","href":"https:\/\/api.w.org\/{rel}","templated":true}]}}