{"id":4182,"date":"2024-05-21T08:52:53","date_gmt":"2024-05-21T08:52:53","guid":{"rendered":"https:\/\/szkarabeusz.code4flow.com\/termek\/kalcium-klorid-2-hidrat-szaritott-a-r-500-g\/"},"modified":"2025-05-29T15:07:08","modified_gmt":"2025-05-29T13:07:08","slug":"kalcium-klorid-2-hidrat-szaritott-a-r-500-g","status":"publish","type":"product","link":"https:\/\/szkarabeusz.code4flow.com\/en\/product\/kalcium-klorid-2-hidrat-szaritott-a-r-500-g\/","title":{"rendered":"Kalcium-klorid 2-hidr\u00e1t (sz\u00e1r\u00edtott) a.r. 500 g"},"content":{"rendered":"","protected":false},"excerpt":{"rendered":"","protected":false},"featured_media":9433,"comment_status":"open","ping_status":"closed","template":"","meta":{"_acf_changed":false},"product_cat":[15],"product_tag":[],"class_list":["post-4182","product","type-product","status-publish","has-post-thumbnail","hentry","product_cat-finomvegyszer"],"group_of_quantity":0,"min_quantity":0,"max_quantity":"","exclude_order_quantity_value_rules":"no","exclude_category_quantity_rules":"no","combine_variations":"no","acf":[],"_links":{"self":[{"href":"https:\/\/szkarabeusz.code4flow.com\/en\/wp-json\/wp\/v2\/product\/4182","targetHints":{"allow":["GET"]}}],"collection":[{"href":"https:\/\/szkarabeusz.code4flow.com\/en\/wp-json\/wp\/v2\/product"}],"about":[{"href":"https:\/\/szkarabeusz.code4flow.com\/en\/wp-json\/wp\/v2\/types\/product"}],"replies":[{"embeddable":true,"href":"https:\/\/szkarabeusz.code4flow.com\/en\/wp-json\/wp\/v2\/comments?post=4182"}],"wp:featuredmedia":[{"embeddable":true,"href":"https:\/\/szkarabeusz.code4flow.com\/en\/wp-json\/wp\/v2\/media\/9433"}],"wp:attachment":[{"href":"https:\/\/szkarabeusz.code4flow.com\/en\/wp-json\/wp\/v2\/media?parent=4182"}],"wp:term":[{"taxonomy":"product_cat","embeddable":true,"href":"https:\/\/szkarabeusz.code4flow.com\/en\/wp-json\/wp\/v2\/product_cat?post=4182"},{"taxonomy":"product_tag","embeddable":true,"href":"https:\/\/szkarabeusz.code4flow.com\/en\/wp-json\/wp\/v2\/product_tag?post=4182"}],"curies":[{"name":"wp","href":"https:\/\/api.w.org\/{rel}","templated":true}]}}