{"id":4285,"date":"2024-05-21T08:53:59","date_gmt":"2024-05-21T08:53:59","guid":{"rendered":"https:\/\/szkarabeusz.code4flow.com\/termek\/kemcsoallvany-mua-10fh-16-18-mm\/"},"modified":"2025-04-07T11:28:15","modified_gmt":"2025-04-07T09:28:15","slug":"kemcsoallvany-mua-10fh-16-18-mm","status":"publish","type":"product","link":"https:\/\/szkarabeusz.code4flow.com\/en\/product\/kemcsoallvany-mua-10fh-16-18-mm\/","title":{"rendered":"K\u00e9mcs\u0151\u00e1llv\u00e1ny m\u0171a 10fh. 16-18 mm"},"content":{"rendered":"<p class=\"cs95E872D0\"><span class=\"cs1B16EEB5\">&nbsp;<\/span><\/p>","protected":false},"excerpt":{"rendered":"<p>&nbsp;<\/p>","protected":false},"featured_media":10528,"comment_status":"open","ping_status":"closed","template":"","meta":{"_acf_changed":false},"product_cat":[64],"product_tag":[],"class_list":["post-4285","product","type-product","status-publish","has-post-thumbnail","hentry","product_cat-laboratoriumi-eszkoz"],"group_of_quantity":0,"min_quantity":0,"max_quantity":"","exclude_order_quantity_value_rules":"no","exclude_category_quantity_rules":"no","combine_variations":"no","acf":[],"_links":{"self":[{"href":"https:\/\/szkarabeusz.code4flow.com\/en\/wp-json\/wp\/v2\/product\/4285","targetHints":{"allow":["GET"]}}],"collection":[{"href":"https:\/\/szkarabeusz.code4flow.com\/en\/wp-json\/wp\/v2\/product"}],"about":[{"href":"https:\/\/szkarabeusz.code4flow.com\/en\/wp-json\/wp\/v2\/types\/product"}],"replies":[{"embeddable":true,"href":"https:\/\/szkarabeusz.code4flow.com\/en\/wp-json\/wp\/v2\/comments?post=4285"}],"wp:featuredmedia":[{"embeddable":true,"href":"https:\/\/szkarabeusz.code4flow.com\/en\/wp-json\/wp\/v2\/media\/10528"}],"wp:attachment":[{"href":"https:\/\/szkarabeusz.code4flow.com\/en\/wp-json\/wp\/v2\/media?parent=4285"}],"wp:term":[{"taxonomy":"product_cat","embeddable":true,"href":"https:\/\/szkarabeusz.code4flow.com\/en\/wp-json\/wp\/v2\/product_cat?post=4285"},{"taxonomy":"product_tag","embeddable":true,"href":"https:\/\/szkarabeusz.code4flow.com\/en\/wp-json\/wp\/v2\/product_tag?post=4285"}],"curies":[{"name":"wp","href":"https:\/\/api.w.org\/{rel}","templated":true}]}}