{"id":4305,"date":"2024-05-21T08:54:16","date_gmt":"2024-05-21T08:54:16","guid":{"rendered":"https:\/\/szkarabeusz.code4flow.com\/termek\/kensav-2-n-merooldat-1000-ml\/"},"modified":"2025-04-28T13:02:29","modified_gmt":"2025-04-28T11:02:29","slug":"kensav-2-n-merooldat-1000-ml","status":"publish","type":"product","link":"https:\/\/szkarabeusz.code4flow.com\/en\/product\/kensav-2-n-merooldat-1000-ml\/","title":{"rendered":"K\u00e9nsav 2 N m\u00e9r\u0151oldat 1000 ml"},"content":{"rendered":"<p class=\"cs95E872D0\"><span class=\"cs1B16EEB5\">Kiz&aacute;r&oacute;lag szakmai felhaszn&aacute;l&aacute;s c&eacute;lj&aacute;ra, mag&aacute;nszem&eacute;lyeknek nem adhat&oacute;.<\/span><\/p>","protected":false},"excerpt":{"rendered":"<p>Kiz&aacute;r&oacute;lag szakmai felhaszn&aacute;l&aacute;s c&eacute;lj&aacute;ra, mag&aacute;nszem&eacute;lyeknek nem adhat&oacute;.<\/p>","protected":false},"featured_media":9876,"comment_status":"open","ping_status":"closed","template":"","meta":{"_acf_changed":false},"product_cat":[],"product_tag":[],"class_list":["post-4305","product","type-product","status-publish","has-post-thumbnail","hentry"],"group_of_quantity":0,"min_quantity":0,"max_quantity":"","exclude_order_quantity_value_rules":"no","exclude_category_quantity_rules":"no","combine_variations":"no","acf":[],"_links":{"self":[{"href":"https:\/\/szkarabeusz.code4flow.com\/en\/wp-json\/wp\/v2\/product\/4305","targetHints":{"allow":["GET"]}}],"collection":[{"href":"https:\/\/szkarabeusz.code4flow.com\/en\/wp-json\/wp\/v2\/product"}],"about":[{"href":"https:\/\/szkarabeusz.code4flow.com\/en\/wp-json\/wp\/v2\/types\/product"}],"replies":[{"embeddable":true,"href":"https:\/\/szkarabeusz.code4flow.com\/en\/wp-json\/wp\/v2\/comments?post=4305"}],"wp:featuredmedia":[{"embeddable":true,"href":"https:\/\/szkarabeusz.code4flow.com\/en\/wp-json\/wp\/v2\/media\/9876"}],"wp:attachment":[{"href":"https:\/\/szkarabeusz.code4flow.com\/en\/wp-json\/wp\/v2\/media?parent=4305"}],"wp:term":[{"taxonomy":"product_cat","embeddable":true,"href":"https:\/\/szkarabeusz.code4flow.com\/en\/wp-json\/wp\/v2\/product_cat?post=4305"},{"taxonomy":"product_tag","embeddable":true,"href":"https:\/\/szkarabeusz.code4flow.com\/en\/wp-json\/wp\/v2\/product_tag?post=4305"}],"curies":[{"name":"wp","href":"https:\/\/api.w.org\/{rel}","templated":true}]}}