{"id":4374,"date":"2024-05-21T08:55:05","date_gmt":"2024-05-21T08:55:05","guid":{"rendered":"https:\/\/szkarabeusz.code4flow.com\/termek\/magneses-kevero-dragonlab-ms-pb\/"},"modified":"2025-01-26T10:53:26","modified_gmt":"2025-01-26T08:53:26","slug":"magneses-kevero-dragonlab-ms-pb","status":"publish","type":"product","link":"https:\/\/szkarabeusz.code4flow.com\/en\/product\/magneses-kevero-dragonlab-ms-pb\/","title":{"rendered":"M\u00e1gneses kever\u0151 Dragonlab MS-PB"},"content":{"rendered":"<p class=\"csC1BB71A3\"><span class=\"cs86B8BADC\">Rendkiv&uuml;l el\u0151ny&ouml;s &aacute;r&uacute; mini m&aacute;gneses kever\u0151k, 3 liter keverhet\u0151 mennyis&eacute;ggel. Massz&iacute;v m\u0171anyagh&aacute;zas fel&eacute;p&iacute;t&eacute;s, IP 42 v&eacute;detts&eacute;gi fokozattal. A be&aacute;ll&iacute;tott fordulatsz&aacute;m digit&aacute;lis (LED-Display) kijelz&eacute;se az MS-PA modelln&eacute;l.<\/span><\/p>\n<p class=\"csC1BB71A3\"><span class=\"cs86B8BADC\">Kever&eacute;si sebess&eacute;g (fordulat\/perc): 0 &#8230; 1500<br \/>Fordulatsz&aacute;m kijelz&eacute;s: anal&oacute;g sk&aacute;la<br \/>T&aacute;pfesz&uuml;lts&eacute;g: 230 V, 50 Hz<br \/>Keverhet\u0151 mennyis&eacute;g: max. 3 liter<br \/>Kever\u0151 fel&uuml;let m&eacute;rete: &Oslash; 135 mm<br \/>Alkalmazhat&oacute; m&aacute;gneses kever\u0151 baba: max. 50 mm<br \/>M&eacute;ret: 150 x 260 x 80 mm<br \/>S&uacute;ly (kg): 1,8<\/span><\/p>\n<p class=\"cs95E872D0\"><span class=\"cs1B16EEB5\">&nbsp;<\/span><\/p>","protected":false},"excerpt":{"rendered":"<p>Rendkiv&uuml;l el\u0151ny&ouml;s &aacute;r&uacute; mini m&aacute;gneses kever\u0151k, 3 liter keverhet\u0151 mennyis&eacute;ggel. Massz&iacute;v m\u0171anyagh&aacute;zas fel&eacute;p&iacute;t&eacute;s, IP 42 v&eacute;detts&eacute;gi fokozattal. A be&aacute;ll&iacute;tott fordulatsz&aacute;m&#8230;<\/p>","protected":false},"featured_media":11300,"comment_status":"open","ping_status":"closed","template":"","meta":{"_acf_changed":false},"product_cat":[65],"product_tag":[],"class_list":["post-4374","product","type-product","status-publish","has-post-thumbnail","hentry","product_cat-laboratoriumi-muszer"],"group_of_quantity":0,"min_quantity":0,"max_quantity":"","exclude_order_quantity_value_rules":"no","exclude_category_quantity_rules":"no","combine_variations":"no","acf":[],"_links":{"self":[{"href":"https:\/\/szkarabeusz.code4flow.com\/en\/wp-json\/wp\/v2\/product\/4374","targetHints":{"allow":["GET"]}}],"collection":[{"href":"https:\/\/szkarabeusz.code4flow.com\/en\/wp-json\/wp\/v2\/product"}],"about":[{"href":"https:\/\/szkarabeusz.code4flow.com\/en\/wp-json\/wp\/v2\/types\/product"}],"replies":[{"embeddable":true,"href":"https:\/\/szkarabeusz.code4flow.com\/en\/wp-json\/wp\/v2\/comments?post=4374"}],"wp:featuredmedia":[{"embeddable":true,"href":"https:\/\/szkarabeusz.code4flow.com\/en\/wp-json\/wp\/v2\/media\/11300"}],"wp:attachment":[{"href":"https:\/\/szkarabeusz.code4flow.com\/en\/wp-json\/wp\/v2\/media?parent=4374"}],"wp:term":[{"taxonomy":"product_cat","embeddable":true,"href":"https:\/\/szkarabeusz.code4flow.com\/en\/wp-json\/wp\/v2\/product_cat?post=4374"},{"taxonomy":"product_tag","embeddable":true,"href":"https:\/\/szkarabeusz.code4flow.com\/en\/wp-json\/wp\/v2\/product_tag?post=4374"}],"curies":[{"name":"wp","href":"https:\/\/api.w.org\/{rel}","templated":true}]}}