{"id":4485,"date":"2024-05-21T08:56:20","date_gmt":"2024-05-21T08:56:20","guid":{"rendered":"https:\/\/szkarabeusz.code4flow.com\/termek\/natrium-hexametafoszfat-elelmiszeripari-25-kg-zsak\/"},"modified":"2024-08-14T20:37:59","modified_gmt":"2024-08-14T18:37:59","slug":"natrium-hexametafoszfat-elelmiszeripari-25-kg-zsak","status":"publish","type":"product","link":"https:\/\/szkarabeusz.code4flow.com\/en\/product\/natrium-hexametafoszfat-elelmiszeripari-25-kg-zsak\/","title":{"rendered":"N\u00e1trium-hexametafoszf\u00e1t \u00e9lelmiszeripari 25 kg\/zs\u00e1k"},"content":{"rendered":"<p class=\"cs95E872D0\"><span class=\"cs1B16EEB5\">&nbsp;<\/span><\/p>","protected":false},"excerpt":{"rendered":"<p>&nbsp;<\/p>","protected":false},"featured_media":10721,"comment_status":"open","ping_status":"closed","template":"","meta":{"_acf_changed":false},"product_cat":[59],"product_tag":[],"class_list":["post-4485","product","type-product","status-publish","has-post-thumbnail","hentry","product_cat-vegyi-alapanyag"],"group_of_quantity":0,"min_quantity":25,"max_quantity":"","exclude_order_quantity_value_rules":"no","exclude_category_quantity_rules":"no","combine_variations":"no","acf":[],"_links":{"self":[{"href":"https:\/\/szkarabeusz.code4flow.com\/en\/wp-json\/wp\/v2\/product\/4485","targetHints":{"allow":["GET"]}}],"collection":[{"href":"https:\/\/szkarabeusz.code4flow.com\/en\/wp-json\/wp\/v2\/product"}],"about":[{"href":"https:\/\/szkarabeusz.code4flow.com\/en\/wp-json\/wp\/v2\/types\/product"}],"replies":[{"embeddable":true,"href":"https:\/\/szkarabeusz.code4flow.com\/en\/wp-json\/wp\/v2\/comments?post=4485"}],"wp:featuredmedia":[{"embeddable":true,"href":"https:\/\/szkarabeusz.code4flow.com\/en\/wp-json\/wp\/v2\/media\/10721"}],"wp:attachment":[{"href":"https:\/\/szkarabeusz.code4flow.com\/en\/wp-json\/wp\/v2\/media?parent=4485"}],"wp:term":[{"taxonomy":"product_cat","embeddable":true,"href":"https:\/\/szkarabeusz.code4flow.com\/en\/wp-json\/wp\/v2\/product_cat?post=4485"},{"taxonomy":"product_tag","embeddable":true,"href":"https:\/\/szkarabeusz.code4flow.com\/en\/wp-json\/wp\/v2\/product_tag?post=4485"}],"curies":[{"name":"wp","href":"https:\/\/api.w.org\/{rel}","templated":true}]}}