{"id":5150,"date":"2024-05-22T07:44:03","date_gmt":"2024-05-22T07:44:03","guid":{"rendered":"https:\/\/szkarabeusz.code4flow.com\/termek\/szuropapir-mn-615-kor-150-mm-100-db-csomag\/"},"modified":"2025-03-21T10:41:52","modified_gmt":"2025-03-21T08:41:52","slug":"szuropapir-mn-615-kor-150-mm-100-db-csomag","status":"publish","type":"product","link":"https:\/\/szkarabeusz.code4flow.com\/en\/product\/szuropapir-mn-615-kor-150-mm-100-db-csomag\/","title":{"rendered":"Sz\u0171r\u0151pap\u00edr MN 615 k\u00f6r 150 mm 100 db\/csomag"},"content":{"rendered":"","protected":false},"excerpt":{"rendered":"","protected":false},"featured_media":10701,"comment_status":"open","ping_status":"closed","template":"","meta":{"_acf_changed":false},"product_cat":[],"product_tag":[],"class_list":["post-5150","product","type-product","status-publish","has-post-thumbnail","hentry"],"group_of_quantity":0,"min_quantity":0,"max_quantity":"","exclude_order_quantity_value_rules":"no","exclude_category_quantity_rules":"no","combine_variations":"no","acf":[],"_links":{"self":[{"href":"https:\/\/szkarabeusz.code4flow.com\/en\/wp-json\/wp\/v2\/product\/5150","targetHints":{"allow":["GET"]}}],"collection":[{"href":"https:\/\/szkarabeusz.code4flow.com\/en\/wp-json\/wp\/v2\/product"}],"about":[{"href":"https:\/\/szkarabeusz.code4flow.com\/en\/wp-json\/wp\/v2\/types\/product"}],"replies":[{"embeddable":true,"href":"https:\/\/szkarabeusz.code4flow.com\/en\/wp-json\/wp\/v2\/comments?post=5150"}],"wp:featuredmedia":[{"embeddable":true,"href":"https:\/\/szkarabeusz.code4flow.com\/en\/wp-json\/wp\/v2\/media\/10701"}],"wp:attachment":[{"href":"https:\/\/szkarabeusz.code4flow.com\/en\/wp-json\/wp\/v2\/media?parent=5150"}],"wp:term":[{"taxonomy":"product_cat","embeddable":true,"href":"https:\/\/szkarabeusz.code4flow.com\/en\/wp-json\/wp\/v2\/product_cat?post=5150"},{"taxonomy":"product_tag","embeddable":true,"href":"https:\/\/szkarabeusz.code4flow.com\/en\/wp-json\/wp\/v2\/product_tag?post=5150"}],"curies":[{"name":"wp","href":"https:\/\/api.w.org\/{rel}","templated":true}]}}