{"id":5179,"date":"2024-05-22T13:49:02","date_gmt":"2024-05-22T13:49:02","guid":{"rendered":"https:\/\/szkarabeusz.code4flow.com\/termek\/gyogyszeres-uveg-50-ml-talca-120-db\/"},"modified":"2025-05-26T10:47:56","modified_gmt":"2025-05-26T08:47:56","slug":"gyogyszeres-uveg-50-ml-talca-120-db","status":"publish","type":"product","link":"https:\/\/szkarabeusz.code4flow.com\/en\/product\/gyogyszeres-uveg-50-ml-talca-120-db\/","title":{"rendered":"Gy\u00f3gyszeres \u00fcveg 50 ml (t\u00e1lca 120 db)"},"content":{"rendered":"","protected":false},"excerpt":{"rendered":"","protected":false},"featured_media":10366,"comment_status":"open","ping_status":"closed","template":"","meta":{"_acf_changed":false},"product_cat":[],"product_tag":[],"class_list":["post-5179","product","type-product","status-publish","has-post-thumbnail","hentry"],"group_of_quantity":0,"min_quantity":0,"max_quantity":"","exclude_order_quantity_value_rules":"no","exclude_category_quantity_rules":"no","combine_variations":"no","acf":[],"_links":{"self":[{"href":"https:\/\/szkarabeusz.code4flow.com\/en\/wp-json\/wp\/v2\/product\/5179","targetHints":{"allow":["GET"]}}],"collection":[{"href":"https:\/\/szkarabeusz.code4flow.com\/en\/wp-json\/wp\/v2\/product"}],"about":[{"href":"https:\/\/szkarabeusz.code4flow.com\/en\/wp-json\/wp\/v2\/types\/product"}],"replies":[{"embeddable":true,"href":"https:\/\/szkarabeusz.code4flow.com\/en\/wp-json\/wp\/v2\/comments?post=5179"}],"wp:featuredmedia":[{"embeddable":true,"href":"https:\/\/szkarabeusz.code4flow.com\/en\/wp-json\/wp\/v2\/media\/10366"}],"wp:attachment":[{"href":"https:\/\/szkarabeusz.code4flow.com\/en\/wp-json\/wp\/v2\/media?parent=5179"}],"wp:term":[{"taxonomy":"product_cat","embeddable":true,"href":"https:\/\/szkarabeusz.code4flow.com\/en\/wp-json\/wp\/v2\/product_cat?post=5179"},{"taxonomy":"product_tag","embeddable":true,"href":"https:\/\/szkarabeusz.code4flow.com\/en\/wp-json\/wp\/v2\/product_tag?post=5179"}],"curies":[{"name":"wp","href":"https:\/\/api.w.org\/{rel}","templated":true}]}}