{"id":5599,"date":"2024-05-24T09:28:34","date_gmt":"2024-05-24T09:28:34","guid":{"rendered":"https:\/\/szkarabeusz.code4flow.com\/termek\/tegelyfogo-ketszer-hajlitott-160-mm\/"},"modified":"2024-12-30T15:05:18","modified_gmt":"2024-12-30T13:05:18","slug":"tegelyfogo-ketszer-hajlitott-160-mm","status":"publish","type":"product","link":"https:\/\/szkarabeusz.code4flow.com\/en\/product\/tegelyfogo-ketszer-hajlitott-160-mm\/","title":{"rendered":"T\u00e9gelyfog\u00f3 k\u00e9tszer hajl\u00edtott 160 mm"},"content":{"rendered":"","protected":false},"excerpt":{"rendered":"","protected":false},"featured_media":10637,"comment_status":"open","ping_status":"closed","template":"","meta":{"_acf_changed":false},"product_cat":[64],"product_tag":[],"class_list":["post-5599","product","type-product","status-publish","has-post-thumbnail","hentry","product_cat-laboratoriumi-eszkoz"],"group_of_quantity":0,"min_quantity":0,"max_quantity":"","exclude_order_quantity_value_rules":"no","exclude_category_quantity_rules":"no","combine_variations":"no","acf":[],"_links":{"self":[{"href":"https:\/\/szkarabeusz.code4flow.com\/en\/wp-json\/wp\/v2\/product\/5599","targetHints":{"allow":["GET"]}}],"collection":[{"href":"https:\/\/szkarabeusz.code4flow.com\/en\/wp-json\/wp\/v2\/product"}],"about":[{"href":"https:\/\/szkarabeusz.code4flow.com\/en\/wp-json\/wp\/v2\/types\/product"}],"replies":[{"embeddable":true,"href":"https:\/\/szkarabeusz.code4flow.com\/en\/wp-json\/wp\/v2\/comments?post=5599"}],"wp:featuredmedia":[{"embeddable":true,"href":"https:\/\/szkarabeusz.code4flow.com\/en\/wp-json\/wp\/v2\/media\/10637"}],"wp:attachment":[{"href":"https:\/\/szkarabeusz.code4flow.com\/en\/wp-json\/wp\/v2\/media?parent=5599"}],"wp:term":[{"taxonomy":"product_cat","embeddable":true,"href":"https:\/\/szkarabeusz.code4flow.com\/en\/wp-json\/wp\/v2\/product_cat?post=5599"},{"taxonomy":"product_tag","embeddable":true,"href":"https:\/\/szkarabeusz.code4flow.com\/en\/wp-json\/wp\/v2\/product_tag?post=5599"}],"curies":[{"name":"wp","href":"https:\/\/api.w.org\/{rel}","templated":true}]}}