{"id":5704,"date":"2024-05-24T09:29:45","date_gmt":"2024-05-24T09:29:45","guid":{"rendered":"https:\/\/szkarabeusz.code4flow.com\/termek\/hangyasav-85-un1779-8-ii\/"},"modified":"2025-04-06T08:56:02","modified_gmt":"2025-04-06T06:56:02","slug":"hangyasav-85-un1779-8-ii","status":"publish","type":"product","link":"https:\/\/szkarabeusz.code4flow.com\/en\/product\/hangyasav-85-un1779-8-ii\/","title":{"rendered":"Hangyasav 85 % (UN1779 HANGYASAV 85 t\u00f6meg%-n\u00e1l t\u00f6bb savtartalommal 8, II (D\/E))"},"content":{"rendered":"<p class=\"cs95E872D0\"><span class=\"cs1B16EEB5\">G&ouml;ngy&ouml;legd&iacute;jas term&eacute;k, kanna k&uuml;l&ouml;n rendelend\u0151:<\/span><\/p>\n<p class=\"cs95E872D0\"><span class=\"cs1B16EEB5\">0000050 M\u0171anyag kanna 20 literes<\/span><\/p>\n<p class=\"cs95E872D0\"><span class=\"cs1B16EEB5\">&nbsp;<\/span><\/p>","protected":false},"excerpt":{"rendered":"<p>G&ouml;ngy&ouml;legd&iacute;jas term&eacute;k, kanna k&uuml;l&ouml;n rendelend\u0151: 0000050 M\u0171anyag kanna 20 literes &nbsp;<\/p>","protected":false},"featured_media":11013,"comment_status":"open","ping_status":"closed","template":"","meta":{"_acf_changed":false},"product_cat":[],"product_tag":[],"class_list":["post-5704","product","type-product","status-publish","has-post-thumbnail","hentry"],"group_of_quantity":0,"min_quantity":20,"max_quantity":"","exclude_order_quantity_value_rules":"no","exclude_category_quantity_rules":"no","combine_variations":"no","acf":[],"_links":{"self":[{"href":"https:\/\/szkarabeusz.code4flow.com\/en\/wp-json\/wp\/v2\/product\/5704","targetHints":{"allow":["GET"]}}],"collection":[{"href":"https:\/\/szkarabeusz.code4flow.com\/en\/wp-json\/wp\/v2\/product"}],"about":[{"href":"https:\/\/szkarabeusz.code4flow.com\/en\/wp-json\/wp\/v2\/types\/product"}],"replies":[{"embeddable":true,"href":"https:\/\/szkarabeusz.code4flow.com\/en\/wp-json\/wp\/v2\/comments?post=5704"}],"wp:featuredmedia":[{"embeddable":true,"href":"https:\/\/szkarabeusz.code4flow.com\/en\/wp-json\/wp\/v2\/media\/11013"}],"wp:attachment":[{"href":"https:\/\/szkarabeusz.code4flow.com\/en\/wp-json\/wp\/v2\/media?parent=5704"}],"wp:term":[{"taxonomy":"product_cat","embeddable":true,"href":"https:\/\/szkarabeusz.code4flow.com\/en\/wp-json\/wp\/v2\/product_cat?post=5704"},{"taxonomy":"product_tag","embeddable":true,"href":"https:\/\/szkarabeusz.code4flow.com\/en\/wp-json\/wp\/v2\/product_tag?post=5704"}],"curies":[{"name":"wp","href":"https:\/\/api.w.org\/{rel}","templated":true}]}}