{"id":5799,"date":"2024-05-24T09:31:08","date_gmt":"2024-05-24T09:31:08","guid":{"rendered":"https:\/\/szkarabeusz.code4flow.com\/termek\/gyogyszeres-uveg-100-ml-talca-84-db-din18\/"},"modified":"2025-05-26T10:48:04","modified_gmt":"2025-05-26T08:48:04","slug":"gyogyszeres-uveg-100-ml-talca-84-db-din18","status":"publish","type":"product","link":"https:\/\/szkarabeusz.code4flow.com\/en\/product\/gyogyszeres-uveg-100-ml-talca-84-db-din18\/","title":{"rendered":"Gy\u00f3gyszeres \u00fcveg 100 ml (t\u00e1lca 84 db) DIN18"},"content":{"rendered":"","protected":false},"excerpt":{"rendered":"","protected":false},"featured_media":10412,"comment_status":"open","ping_status":"closed","template":"","meta":{"_acf_changed":false},"product_cat":[],"product_tag":[],"class_list":["post-5799","product","type-product","status-publish","has-post-thumbnail","hentry"],"group_of_quantity":0,"min_quantity":0,"max_quantity":"","exclude_order_quantity_value_rules":"no","exclude_category_quantity_rules":"no","combine_variations":"no","acf":[],"_links":{"self":[{"href":"https:\/\/szkarabeusz.code4flow.com\/en\/wp-json\/wp\/v2\/product\/5799","targetHints":{"allow":["GET"]}}],"collection":[{"href":"https:\/\/szkarabeusz.code4flow.com\/en\/wp-json\/wp\/v2\/product"}],"about":[{"href":"https:\/\/szkarabeusz.code4flow.com\/en\/wp-json\/wp\/v2\/types\/product"}],"replies":[{"embeddable":true,"href":"https:\/\/szkarabeusz.code4flow.com\/en\/wp-json\/wp\/v2\/comments?post=5799"}],"wp:featuredmedia":[{"embeddable":true,"href":"https:\/\/szkarabeusz.code4flow.com\/en\/wp-json\/wp\/v2\/media\/10412"}],"wp:attachment":[{"href":"https:\/\/szkarabeusz.code4flow.com\/en\/wp-json\/wp\/v2\/media?parent=5799"}],"wp:term":[{"taxonomy":"product_cat","embeddable":true,"href":"https:\/\/szkarabeusz.code4flow.com\/en\/wp-json\/wp\/v2\/product_cat?post=5799"},{"taxonomy":"product_tag","embeddable":true,"href":"https:\/\/szkarabeusz.code4flow.com\/en\/wp-json\/wp\/v2\/product_tag?post=5799"}],"curies":[{"name":"wp","href":"https:\/\/api.w.org\/{rel}","templated":true}]}}